{"id":3560,"date":"2025-01-16T11:43:10","date_gmt":"2025-01-16T10:43:10","guid":{"rendered":"https:\/\/vetera.hu\/?post_type=product&#038;p=3560"},"modified":"2025-01-16T11:43:10","modified_gmt":"2025-01-16T10:43:10","slug":"gabor-somlyai-deuteriumentzug","status":"publish","type":"product","link":"https:\/\/vetera.hu\/en\/products\/other-products\/gabor-somlyai-deuteriumentzug\/","title":{"rendered":"G\u00e1bor Somlyai: Deuteriumentzug"},"content":{"rendered":"<h2>Deuteriumentzug: Ein Neuer Weg der Krebstherapie und der Gesundheitserhaltung<\/h2>\n<h3>G\u00e1bor Somlyai PhD<\/h3>\n<p>Das Buch beschreibt die h\u00e4ufigsten traditionellen Behandlungsmethoden der Krebstherapie, pr\u00e4sentiert deren effektivsten Kombinationen, und gibt detaillierte Anweisungen zur erg\u00e4nzenden Anwendung des Deuteriumentzugs.<br \/>\nBeschrieben werden die Wirkungsweise des Deuteriumentzugs, die wichtigsten Faktoren, die dessen Wirksamkeit beeinflussen, und die Hauptaspekte der Anwendung.<br \/>\nDie therapeutischen M\u00f6glichkeiten des Verfahrens werden, anhand Ergebnisse von klinischen Studien und einzelnen Fallbeschreibungen, an 16 Tumortypen vorgef\u00fchrt.<br \/>\nEin besonders wichtiges Kapitel des Buchs beschreibt, wie Deuteriumentzug zum Element der gesunden Lebensweise gemacht werden kann. De letzte Teil des Buchs\u00a0 enth\u00e4lt konkrete Ratschl\u00e4ge zur Anwendung, und dient als praktischer Wegweiser f\u00fcr gesundheitsbewusste und mit Krebskrankheit k\u00e4mpfende Menschen gleicherma\u00dfen.<br \/>\nDas Buch strebt nach Gleichgewicht, indem es auch f\u00fcr Nichtfachleute leicht zu folgen und verstehen ist, aber die bisherigen Ergebnisse der Forschung und der klinischen Anwendung f\u00fcr Forscher und Mediziner auf geeignetem Niveau darstellt.<br \/>\nEs pr\u00e4sentiert das auf Deuteriumentzug basierte Verfahren, das ein wirksameres und gleichzeitig schonenderes Mittel zur Behandlung tumor\u00f6ser und sonstiger chronischer Krankheiten bietet, als alle bisherigen Methoden.<\/p>\n<div class=\"callout-info\"><strong>Step 1<\/strong>: Choose the products you wish to order and put them to the cart. Then, click GO TO ORDER.<br \/><strong>Step 2<\/strong>: Enter billing and shipping data, choose payment method, and click SEND ORDER.<br \/><strong>Step 3<\/strong>: You will receive a confirmation about your order via e-mail.<br \/><strong>Step 4<\/strong>: We will pick the best shipping offer to your address and send proforma invoice via e-mail. (It usually takes 1-2 days to get the delivery charges.)<br \/><strong>Step 5<\/strong>: Payment will be done in accordance with the chosen payment option:<br \/>By credit card: Proforma invoice will be sent by e-mail with a payment link for credit card payment. Please, click the link, and you will be directed to the SimplePay page, where you can enter your credit card details and complete the process.<br \/>Via wire transfer: Proforma invoice will be sent by e-mail with all the bank account information, and the sum total should be transferred.<br \/><strong>Step 6<\/strong>: Upon receipt of the payment, the shipment will be started to the delivery address.<\/div>\n","protected":false},"excerpt":{"rendered":"<p>Deuteriumentzug: Ein Neuer Weg der Krebstherapie und der Gesundheitserhaltung G\u00e1bor Somlyai PhD Das Buch beschreibt die h\u00e4ufigsten traditionellen Behandlungsmethoden der [&hellip;]<\/p>\n","protected":false},"featured_media":3561,"template":"","meta":{"_editorskit_title_hidden":false,"_editorskit_reading_time":0,"_editorskit_typography_data":[],"_editorskit_blocks_typography":"","_editorskit_is_block_options_detached":false,"_editorskit_block_options_position":"{}","inline_featured_image":false},"product_cat":[88],"product_tag":[],"acf":[],"_links":{"self":[{"href":"https:\/\/vetera.hu\/en\/wp-json\/wp\/v2\/product\/3560"}],"collection":[{"href":"https:\/\/vetera.hu\/en\/wp-json\/wp\/v2\/product"}],"about":[{"href":"https:\/\/vetera.hu\/en\/wp-json\/wp\/v2\/types\/product"}],"wp:featuredmedia":[{"embeddable":true,"href":"https:\/\/vetera.hu\/en\/wp-json\/wp\/v2\/media\/3561"}],"wp:attachment":[{"href":"https:\/\/vetera.hu\/en\/wp-json\/wp\/v2\/media?parent=3560"}],"wp:term":[{"taxonomy":"product_cat","embeddable":true,"href":"https:\/\/vetera.hu\/en\/wp-json\/wp\/v2\/product_cat?post=3560"},{"taxonomy":"product_tag","embeddable":true,"href":"https:\/\/vetera.hu\/en\/wp-json\/wp\/v2\/product_tag?post=3560"}],"curies":[{"name":"wp","href":"https:\/\/api.w.org\/{rel}","templated":true}]}}