{"id":581,"date":"2021-11-30T13:54:14","date_gmt":"2021-11-30T12:54:14","guid":{"rendered":"https:\/\/vetera.hu\/?page_id=581"},"modified":"2026-03-13T14:53:54","modified_gmt":"2026-03-13T13:53:54","slug":"general-terms-conditions","status":"publish","type":"page","link":"https:\/\/vetera.hu\/en\/general-terms-conditions\/","title":{"rendered":"General Terms &#038; Conditions"},"content":{"rendered":"\n<p><strong>GENERAL TERMS &amp; CONDITIONS OF THE ONLINE SALES OF HYD LLC.<\/strong><\/p>\n\n\n\n<h2><strong>1. Aims of this document<\/strong><\/h2>\n\n\n\n<p>1.1.&nbsp;&nbsp; &nbsp;The General Terms &amp; Conditions contain the rules of sales process of HYD LLC. for Cancer Research and Drug Development (referred as: \u201eThe Supplier\u201d) executing through the webshop operating on the site www.vetera.hu (referred as: \u201cThe Webshop\u201d) \u2013 it includes the operation, orders and fulfillment through the webshop and the rights of its customers. Handling the private information about our customers is stated in the Privacy Policy.&nbsp;<\/p>\n\n\n\n<p><br>1.2.&nbsp; With &nbsp;buying products in our Webshop the customers make individual contracts. The individual contracts are bonding legal connections only for the time of the service of product ordered by the customer (consumer), not included the fals, mistaken, not fulfilled or broken sevice of the Supplier leaving the due dates open to use the connecting rights.<\/p>\n\n\n\n<p><br>1.3.&nbsp;&nbsp; &nbsp;The contracts made in the Webshop is a consumer\u2019s contract, what is signed about the ordered service of product without the presence of the partners, and the partners use the Webshop as a tool of communication what can be used as such an instrument, and using it as a certified tool of the statement of the contract. In this means, the Webshop is such a tool that makes the communication available through internet connection what is being operated on the computer or such instrument of the partners.&nbsp;<\/p>\n\n\n\n<p><br>1.4.&nbsp;&nbsp; &nbsp;The General Terms &amp; Conditions are set by the Supplier unilaterally in order to make the contracting between the Supplier and the customer without discussing it with them. The contracts made through this system are not negotiable.&nbsp;<\/p>\n\n\n\n<p><br>1.5.&nbsp;&nbsp; &nbsp;If you want to be a buyer or active customer of the Webshop, please read carefully the the General Terms &amp; Conditions, and use our service just and only if you fully accept it and take it obligatory. The users of the Webshop accept that the General Terms &amp; Conditions are mandatory conditions. Any use of the Webshop \u2013 including the views what are not concluded in purchase \u2013 are driven by the General Terms &amp; Conditions.<br>1.6.&nbsp;&nbsp; &nbsp;The General Terms &amp; Conditions is an official document drawn in Hungarian and English languages, and the legal right does not refer to the Ethical Codex of the Suppliers work.<\/p>\n\n\n\n<h2><strong>2.&nbsp;Information about the Supplier<\/strong><\/h2>\n\n\n\n<p>Company name:&nbsp;HYD R\u00e1kkutat\u00f3 \u00e9s Gy\u00f3gyszerfejleszt\u0151 Korl\u00e1tolt Felel\u0151ss\u00e9g\u0171 T\u00e1rsas\u00e1g<br>Seat (same postal address): Feh\u00e9rv\u00e1ri \u00fat 79., Budapest, 1119 Hungary<br>Registering body: F\u0151v\u00e1rosi T\u00f6rv\u00e9nysz\u00e9k C\u00e9gb\u00edr\u00f3s\u00e1ga<br>Registry number:&nbsp; 01-09-260799<br>TAX number: 10805459-2-43<br>Information Security ID: NAIH-140619<br>Customer Service (Tel.):&nbsp;06-1-381-0765; 06-1-365-1660<br>Customer Service (Email): <a href=\"mailto:info@hyd.hu\">info@hyd.hu<\/a><br>Language of the contract:&nbsp;English<br>Personal pickup of the orders:&nbsp;N\/A<br>Processing orders: processing only on workdays, 09:00\u201316:00, automated processing (not included the OUS times \u2013 24\/7)<\/p>\n\n\n\n<h2><strong>3.&nbsp;Information about the Webshop\u2019s provider<\/strong><\/h2>\n\n\n\n<p>Company name: NetBlaze Group Szoci\u00e1lis Sz\u00f6vetkezet<br>Seat (same postal address):&nbsp;Cser-Zilai u. 10., Zalaszentgr\u00f3t, 8790 Hungary<br>Registry court: Zalaegerszegi T\u00f6rv\u00e9nysz\u00e9k C\u00e9gb\u00edr\u00f3s\u00e1ga<br>Registry number: 20-02-050340<br>TAX number: 24804413-1-20<br>Customer Service (Tel.):&nbsp;06-30-894-6493<br>Customer Service (Email): info@netblaze.hu<\/p>\n\n\n\n<h2><strong>4.&nbsp;Shipping agent\u2019s information<\/strong><\/h2>\n\n\n\n<p>Company: DPD Hungary Kft.<br>Headquarter: 1134 Budapest, V\u00e1ci \u00fat 33., Building A, 2nd.floor, Hungary<br>Company registry number: 01-09-888141<br>Tax number: 13034283-2-41<br>Central contacts:<br>E-mail: <a href=\"mailto:dpd@dpd.hu\">dpd@dpd.hu<\/a><br>Phone number: +36 1 501 6200<br><br>Company: Magyar Posta V\u00e1llalat<br>Headquarter: 1138 Budapest, Dunavir\u00e1g u. 2\u22126., Hungary<br>Mailing address: Budapest H-1540<br>Company registry number: Cg. 01-10-042463<br>Tax number: &nbsp;10901232-2-44<br>Central contacts:<br>Homepage: <a href=\"http:\/\/www.posta.hu\/about-magyar-posta\/www.posta.hu\" target=\"_blank\" rel=\"noreferrer noopener\">www.posta.hu<\/a>&nbsp;<br>Email: <a href=\"mailto:posta@posta.hu\">posta@posta.hu<\/a><br>Phone: (+36 1) 767 8200<br>Fax: (+36 1) 767 8201<\/p>\n\n\n\n<p>Company:&nbsp; Jadran Shipping Kft.<br>Seat (same postal address):&nbsp;H-1055 Budapest, Stoll\u00e1r B\u00e9la u. 12\/C, I.\/1.&nbsp;<br>Registry court: Budapest K\u00f6rny\u00e9ki T\u00f6rv\u00e9nysz\u00e9k C\u00e9gb\u00edr\u00f3s\u00e1ga<br>Registry number: 01 09 072389<br>TAX number:&nbsp;HU10507869<br>Customer Service (Tel.): +36-1-353-2014, +36-1-353-4168<br>Customer Service (Email): zita.foldvary@jadranshipping.hu<\/p>\n\n\n\n<h2><strong>5.&nbsp;Operation of the Webshop<\/strong><\/h2>\n\n\n\n<p>5.1.&nbsp;&nbsp; &nbsp;The Webshop can be reached from in and out of Hungary through the internet. The delivery and fulfillment of orders from abroad are subject of individual negotiations.<br>5.2.&nbsp;&nbsp; &nbsp;The customers of the Webshop must be capable adults above the age of 18 years.<\/p>\n\n\n\n<h2><strong>6.&nbsp;The Product<\/strong><\/h2>\n\n\n\n<p>6.1.&nbsp;&nbsp; &nbsp;In the Webshop the customers can buy Vetera-DDW-25 anticancer medicinal product for the adjuvant therapy of pets (Reg. No.:&nbsp;084\/1\/2011 MgSzH \u00c1TI) and other products (dietary supplement and books) detailed precisely on the subpages of the Webshop. Vetera-DDW-25 is deuterium-depleted water for the adjuvant therapy of the neoplastic diseases of pets with 25 ppm deuterium concentration.<\/p>\n\n\n\n<p>6.2.&nbsp;&nbsp; &nbsp;In the Webshop the Supplier represents the name and image of the product, and details its content. The pictures shown on the website can be different from the real ones, and are illustrations only. HYD LLC does not take responsibility for the difference between the real appearance and the pictures of the product shown in the Webshop. The difference may not serve as grounds for a claim.<br>6.3.&nbsp;&nbsp; &nbsp;The products can be purchased from the Supplier, what will be delivered by a shipping agent.<\/p>\n\n\n\n<h2><strong>7.&nbsp;&nbsp;The process of purchase<\/strong><\/h2>\n\n\n\n<p>7.1.&nbsp;&nbsp; &nbsp;The supplier sell the product through the Webshop. The Supplier also accepts orders placed via email sent to <a href=\"mailto:info@hyd.hu\">info@hyd.hu<\/a> or by phone.&nbsp;<br>7.2.&nbsp;&nbsp; The purchase through the Webshop doesn\u2019t require registration. But the customer can register through the process of purchase a customers\u2019 account \u2013 by his or her own will \u2013 where his or her personal details will be stored. Creating a customer\u2019s account helps in future purchases in the Webshop; with creating one the system will automatically remember the customer\u2019s personal details and will not be needed to provide them again.<\/p>\n\n\n\n<p><br>7.3.&nbsp;&nbsp; &nbsp;When creating a customer\u2019s account the user must set a personal username and a password, what will be used in the future for the customer\u2019s authentication. &nbsp;The requirement of the password is to be 6 characters long that includes uppercase and lowercase letters and numbers. We don\u2019t suggest using easily recovered passwords neither personal details as passwords. If you forget your password you can request a recovery email to your registered email address where you will get a temporary password what you can use to enter to your account and set a new password. The supplier stores the passwords in an encoded secure process, so the original password cannot be recovered for the customer.&nbsp;<\/p>\n\n\n\n<p>7.4.&nbsp;&nbsp; &nbsp;The customer must provide all information to the Supplier what is required to fulfill the order, for invoicing and delivery of the products. These details are personal contact information, too, like email address and phone number.&nbsp;<br>7.5.&nbsp; &nbsp;&nbsp;During the purchase process the customer has to choose the requested products from the Webshop and after the selection set the number of packages he\/she wants from the products or other details if applicable, then click on the \u201cAdd to cart\u201d button. After clicking \"Go to order\" the customer will arrive to the Cart, where he\/she can check the list of the chosen products. Here, the customer has the opportunity to remove products from the cart or&nbsp;modify the quantity.&nbsp;<\/p>\n\n\n\n<p>7.6.&nbsp; &nbsp;&nbsp;If the customer changes his or her mind and deletes the content of the virtual shopping basket, can return anytime to the main page of the Webshop and every shopping detail will be deleted.<\/p>\n\n\n\n<h2><strong>8.&nbsp;Processing and delivery of orders<\/strong><\/h2>\n\n\n\n<p>8.1.&nbsp;&nbsp; &nbsp;The processing of the orders is partially manual and partially automated process. The manual process of the orders are arranged on weekdays between 9:00 to 16:00, the automated processing, out of office hours are 24\/7. You can place your order anytime, but we cannot take the not planned shutdowns into account.&nbsp;<\/p>\n\n\n\n<p>8.2.&nbsp;&nbsp; &nbsp;After placing your order you will receive a verifying email to the email address you provided. If you do not get the verification in 48 hours, please check your \u201cSpam\u201d folder in your mailbox, or call our customer service. The supplier does not take responsibility for the unverified orders if it is due to the inaccurate information given by the customer.<br>8.3.&nbsp;&nbsp; &nbsp;If the Supplier cannot fulfill the order by lack of stock from the ordered product, the Supplier informs the Customer in the shortest period of time, but in max. 8 working days.<br>8.4.&nbsp;&nbsp; &nbsp;The Supplier holds the right to reject verified orders, if it cannot fulfill the order because of the above mentioned changes. The partial fulfillment of the order can be taken only after detailed communication with the customer.<\/p>\n\n\n\n<h2><strong>9.&nbsp;Delivery of the product<\/strong><\/h2>\n\n\n\n<p>9.1.&nbsp;&nbsp; &nbsp;The products will be delivered in every case. In case of order from the Webshop there is no possibility to pick it up personally.&nbsp;<br>9.2.&nbsp;&nbsp; &nbsp;The delivery is handled by the shipping partner of the Webshops provider according to Chapter 4. of this document.<br>9.3.&nbsp;&nbsp;&nbsp;The delivery address can be different from the billing address. It is suggested to give a delivery address where the customer can be reached during the estimated time of the delivery.&nbsp;<br>9.4.&nbsp;&nbsp; &nbsp;The package containes the invoice of the purchase.<br>9.5.&nbsp;&nbsp; Please, check the package and the product upon delivery while the messenger is still there, and if you notice any damage on the packing ask for filing a report from the Messenger. If the package is damaged the Customer has the right to refuse it. The provider cannot accept any complaint after delivery if it wasn\u2019t recorded by the Messenger.&nbsp;<\/p>\n\n\n\n<h2><strong>10.&nbsp;Terms of payment<\/strong><\/h2>\n\n\n\n<p>10.1.&nbsp;&nbsp; &nbsp;The fees of communication between the partners (fee of internet or phone calls) are paid by the initiator.<\/p>\n\n\n\n<p>10.2.&nbsp;&nbsp;&nbsp; The fees paid by the customer are the followings: (i) the price of the Product, (ii) delivery fee<strong>*<\/strong>. The Provider does not apply any other fees on the Customer. Upon &nbsp;usage of cash substitute tool (e.g. credit card) all banking and transfer fees are paid by the Customer.&nbsp;<br>10.3.&nbsp;&nbsp; The price of the product with VAT is indicated after each product, next to the price of the product. The final cost does not include the emerging custom fee, payable on the Customer's side.<br>10.4.&nbsp;&nbsp; The full price of the purchase is included in the summary of the purchase and the response email contains all of the charges.&nbsp;<\/p>\n\n\n\n<p>10.5.&nbsp;&nbsp; The price of the products found in the webshop are indicated in EUR\/USD. Every other fees and delivery charges are calculated in EUR\/USD too, including VAT.<\/p>\n\n\n\n<p>10.6.&nbsp;&nbsp; &nbsp;The Provider does not ask and does not accept any financial securities from the Customer.&nbsp;<br>10.7.&nbsp;&nbsp;&nbsp; For placing an order and purchase a product no loan can be requested from the Provider \u2013 not even through other providers.&nbsp;<br>10.8.&nbsp;&nbsp; According to the Financial Laws of Hungary the Provider sends the invoice to the Customer within the package on delivery which contains every information required by the Law.&nbsp;<\/p>\n\n\n\n<p>10.9.&nbsp;&nbsp; The payment for the product(s) purchased can be made through wire transfer or credit card (SimplePay) upon request. If the customer chose to make the payment through wire transfer that means prepayment. In this case we send a proforma invoice what will be sent to the Customer before sending the product. The proforma invoice is not suitable for tax refund. In case of non-transferring the invoiced amount for the products, the order will be deleted.&nbsp;<br><br><strong>*<\/strong>The cost of delivery depends on the weight, the value of the products and the destination of the shipment.<br>&nbsp;<\/p>\n\n\n\n<h2><strong>11.&nbsp;Right to recede<\/strong><\/h2>\n\n\n\n<p>11.1.&nbsp;&nbsp; &nbsp;The contract for purchasing any products from the Webshop, the Customer can be recede (i) from the start of the contract until receiving the proforma invoice (ii)&nbsp; If the customer did not receive any written response within 14 (fourteen) days he\/she can recede from the order.&nbsp;<\/p>\n\n\n\n<p>11.2.&nbsp; &nbsp; &nbsp; The customer does not have to explain the receding.&nbsp;<br>11.3.&nbsp;&nbsp; &nbsp;If the customer recedes, it can be communicated through email and the receding must be confirmed within 2 workdays upon receiving.&nbsp;<\/p>\n\n\n\n<h2><strong>12.&nbsp;Warranty<\/strong><\/h2>\n\n\n\n<p>12.1.&nbsp;&nbsp; &nbsp;Warranty<br>12.1.1.&nbsp;&nbsp; The provider can assume warranty over the product, or warranty can be applicable on the product according to the Law of Warranty of consumer\u2019s products 151\/2003. (IX. 22.) Gov. Act.<br>12.1.2.&nbsp;&nbsp; &nbsp;The warranty prescribed by the law is not applicable if the provider assume warranty in the contract.&nbsp;<br>12.2.&nbsp;&nbsp; &nbsp;Partial warranty<br>12.2.1.&nbsp;&nbsp; &nbsp;The Customer \u2013 in case of the failed service of the Provider \u2013 can claim his warranty rights according to the connecting law of the Civil Law.&nbsp;<br>12.2.2.&nbsp;&nbsp; &nbsp;The customer \u2013 as his or her choice \u2013 can request partial warranty from the Provider \u2013 &nbsp;or as agreed can request replacement of the product. If the Customer did not request the replacement, or cannot request it, can ask for the partial refund or can cancel the contract.&nbsp;<br>12.2.3.&nbsp;&nbsp; &nbsp;The customer can live with his\/her lawful right of warranty for another product too, but the price difference must be paid by the customer.&nbsp;<br>12.2.4.&nbsp;&nbsp; &nbsp;The warranty claim must be taken as valid in time for any error of the product what caused the problem.<br>12.2.5.&nbsp;&nbsp; &nbsp;If the damage in the product comes from the misuse by the customer (e.g. wrong way of storage), the customer must bear the consequences and the responsibility of the claim, if the provider gave enough details about the usage and storage of the product.&nbsp;<br>12.3.&nbsp;&nbsp; &nbsp;Full warranty<br>12.3.1.&nbsp;&nbsp; &nbsp;The Ptk. (Code of civil law in Hungary) defined the customer can use his or her right for warranty in front of the provider according to the connecting law. If the product doesn\u2019t fit the quality requirements of the manufacturer, or does not bear the quality features set by the manufacturer.&nbsp;<br>12.3.2.&nbsp;&nbsp; &nbsp;In the means of product warranty, the customer can demand that the manufacturer (or the provider who is also the vendor) replace the product.&nbsp;<br>12.3.3.&nbsp;&nbsp; &nbsp;In case of any damages the loss is covered by shipping\/general insurence.<br>12.3.4.&nbsp; &nbsp;The manufacturer (provider) obtains acquittance from the bond of warranty if proves the followings:<br>(a)&nbsp;&nbsp; &nbsp;the product was not manufactured or sold as a registered business or as an individual vendor;<br>(b)&nbsp;&nbsp; &nbsp;the error was not possible to reveal due to the lack scientific and technical knowledge; or<br>(c)&nbsp;&nbsp; &nbsp;the error of the product was caused by legal requirements.<br>12.4.&nbsp;&nbsp; The warranty claim of the customer must be during the period of warranty, but in limitation of 1 year from the date of manufacturing (the expiration date)<br>12.5.&nbsp;&nbsp; &nbsp;Partial and full warranty claims cannot be submitted in the same time.<br>12.6.&nbsp;&nbsp; &nbsp;The customer must inform the provider about the experienced errors of the product immediately &nbsp;upon revelation.<\/p>\n\n\n\n<h2><strong>13.&nbsp;Privacy&nbsp;<\/strong><\/h2>\n\n\n\n<p>During the purchase process in the webshop the usage of the private data of the customers falls under the regulations of the Privacy Policy.<\/p>\n\n\n\n<h2><strong>14. Copyrights<\/strong><\/h2>\n\n\n\n<p>14.1.&nbsp;&nbsp; &nbsp;The contents of the Webshop and every other connection material are under the protection of the copyright and the owner of these rights is the Provider.&nbsp;<br>14.2.&nbsp;&nbsp; &nbsp;The provider holds every right of the Webshop, every parts and its full content (including images, texts and documents too). It is forbidden to download, store, process or sale of any part or in whole without the pre-permission of the Provider.<br>14.3.&nbsp;&nbsp; &nbsp;The Provider permits the users to use and download and print the content of the webshop on his or her own computer for private use, but forbids distributing it to third parties. This permits the users only for handling the original copy of the content or its archivation.<br>14.4.&nbsp;&nbsp; &nbsp;The provider holds the right to cease its websites, to change its content, or restrict the reach of them. The provider does not take any responsibility for continuous operation of the websites, and to keep the operation without errors. The provider disclaims every responsibility for any damage caused by the errors of the website, and from cases if the content is unreachable by the errors of the website. The provider does not take any responsibility for the content of any third parties connecting to the website, or to contents what are referring to its website.<\/p>\n\n\n\n<h2><strong>15.&nbsp;Claims and legal debates<\/strong><\/h2>\n\n\n\n<p>15.1.&nbsp;&nbsp; &nbsp;Any questions and observations connecting to our products can be asked from our customer service points.&nbsp;<br>15.2.&nbsp;&nbsp; &nbsp;In case of complaint you can reach us on the address written in this document. We investigate every complaint and take care of them immediately. If you don\u2019t agree with the answer or action taken after your complaint or the immediate investigation is not possible, we are recording your complaint in a report in two copies and we will inform you as soon as possible about the outcomes. Your complaint will be answered in 30 days according to the law.<\/p>\n\n\n\n<h2><strong>16.&nbsp;Scope and Effect<\/strong><\/h2>\n\n\n\n<p>16.1.&nbsp;&nbsp; &nbsp;The current Terms&amp;Conditions are taken effect from the date of 1st of June 2015 and are in effect until modification or countermand<br>16.2.&nbsp;&nbsp; &nbsp;The provider holds the right to modify its General Terms &amp; Conditions. If such modification takes place it will be advertised on the website before it takes effect.<\/p>\n\n\n\n<h2><strong>17.&nbsp;Applicable laws<\/strong><\/h2>\n\n\n\n<p>17.1.&nbsp;&nbsp; &nbsp;The following laws and acts are in power in connection of the relation and the current procedure:<br>17.1.1.&nbsp;&nbsp; &nbsp;The act of Civil law year 2013 &nbsp;law number V. (\u201ePtk.\u201d);<br>17.1.2.&nbsp;&nbsp; &nbsp;the law about the electronic customer services and electronic trade 2001. year CVIII. law (\u201eEkertv.\u201d);<br>17.1.3.&nbsp;&nbsp; &nbsp;the law about trade 2005. year CLXIV. law (a \u201eKertv.\u201d);<br>17.1.4.&nbsp;&nbsp; &nbsp;the law about the financial and advertising activities 2008. year XLVIII. law ( \u201eGrt.\u201d);<br>17.1.5.&nbsp;&nbsp; &nbsp;the law about information security 2011. year CXII. law (\u201eInfotv.\u201d);<br>17.1.6.&nbsp;&nbsp; &nbsp;the law about the warranty of different products 151\/2003. (IX. 22.) Gov. Act.;<br>17.1.7.&nbsp;&nbsp; &nbsp;the law about trading services 210\/2009 (IX. 29.) Gov. Act.;<br>17.1.8.&nbsp;&nbsp; &nbsp;the law about the contractual relation between the customer and the provider 45\/2014 (II. 26.) Gov. Act.;<br>17.1.9.&nbsp;&nbsp; the law about the trade acts and contracts between the customer and the provider 19\/2014 (IV. 29.) NGM act.<\/p>\n\n\n\n<h2><strong>18.&nbsp;Mixed rules<\/strong><\/h2>\n\n\n\n<p>18.1.\u00a0\u00a0 \u00a0This document rules the relation between the provider and the customer. If the person of the buyer cannot be taken as customer, the current Terms &amp; Conditions are not applicable.\u00a0<br>18.2.\u00a0\u00a0 \u00a0The provider has the right to hire a third party to fulfill its obligations.<br>18.3.\u00a0\u00a0 \u00a0If some of the parts of the Terms&amp;Conditions are ceased to be in power, the rest of the rulings are still remain applicable.<br>18.4.\u00a0\u00a0 \u00a0If the provider does not applies and of his rights written in the General Terms &amp; Conditions it does not mean that the provider decedes from this right. Every right the provider decedes must be in written statement. If the provider does not stick to one or more of his rights in this document, does not mean that the provider won\u2019t use it next time.\u00a0<br><br><br><br><strong>Receding form<\/strong><br><br>HYD LLC for Cancer Research and Drug Development<br>Feh\u00e9rv\u00e1ri \u00fat 79.<br>Budapest<\/p>\n\n\n\n<p>H-1119 Hungary<br><br>I, the undersigned declare, that I\/we would like to apply my\/our right to recede from the order of the following product:<br><br>Time of contraction \/ time of delivery:<br>Name of the Product:<br>Quantity of the product:<br>Name(s) of the customers(s):<br>Address of the customer(s):<br>Signature of the customer(s):\u00a0<br><br>[City], [year, month, day]<br><br>\u2026\u2026\u2026\u2026\u2026\u2026\u2026\u2026\u2026\u2026\u2026<br>[Name]<br>signature<br>(only in case of hardcopy)<\/p>\n","protected":false},"excerpt":{"rendered":"<p>GENERAL TERMS &amp; CONDITIONS OF THE ONLINE SALES OF HYD LLC. 1. Aims of this document 1.1.&nbsp;&nbsp; &nbsp;The General Terms [&hellip;]<\/p>\n","protected":false},"author":2,"featured_media":0,"parent":0,"menu_order":0,"comment_status":"closed","ping_status":"closed","template":"","meta":{"_editorskit_title_hidden":false,"_editorskit_reading_time":11,"_editorskit_typography_data":[],"_editorskit_blocks_typography":"","_editorskit_is_block_options_detached":false,"_editorskit_block_options_position":"{}","inline_featured_image":false},"acf":[],"_links":{"self":[{"href":"https:\/\/vetera.hu\/en\/wp-json\/wp\/v2\/pages\/581"}],"collection":[{"href":"https:\/\/vetera.hu\/en\/wp-json\/wp\/v2\/pages"}],"about":[{"href":"https:\/\/vetera.hu\/en\/wp-json\/wp\/v2\/types\/page"}],"author":[{"embeddable":true,"href":"https:\/\/vetera.hu\/en\/wp-json\/wp\/v2\/users\/2"}],"replies":[{"embeddable":true,"href":"https:\/\/vetera.hu\/en\/wp-json\/wp\/v2\/comments?post=581"}],"version-history":[{"count":1,"href":"https:\/\/vetera.hu\/en\/wp-json\/wp\/v2\/pages\/581\/revisions"}],"predecessor-version":[{"id":4028,"href":"https:\/\/vetera.hu\/en\/wp-json\/wp\/v2\/pages\/581\/revisions\/4028"}],"wp:attachment":[{"href":"https:\/\/vetera.hu\/en\/wp-json\/wp\/v2\/media?parent=581"}],"curies":[{"name":"wp","href":"https:\/\/api.w.org\/{rel}","templated":true}]}}