{"id":508,"date":"2021-10-26T17:12:51","date_gmt":"2021-11-27T14:03:38","guid":{"rendered":"https:\/\/vetera.hu\/?post_type=product&#038;p=508"},"modified":"2024-07-04T13:58:43","modified_gmt":"2024-07-04T11:58:43","slug":"preventa-austernpilz-kapseln","status":"publish","type":"product","link":"https:\/\/vetera.hu\/de\/produkte\/andere-produkte\/preventa-austernpilz-kapseln\/","title":{"rendered":"Preventa Austernpilz Kapseln"},"content":{"rendered":"<!-- Shortcode does not exist -->\n<h2>Preventa Austernpilz Kapseln<\/h2>\n<h4><strong>Deuterium-abgereichertes Nahrungserg\u00e4nzungsmittel<\/strong><\/h4>\n<h4><span class=\"x4k7w5x x1h91t0o x1h9r5lt x1jfb8zj xv2umb2 x1beo9mf xaigb6o x12ejxvf x3igimt xarpa2k xedcshv x1lytzrv x1t2pt76 x7ja8zs x1qrby5j\"><span class=\"x193iq5w xeuugli x13faqbe x1vvkbs x1xmvt09 x1lliihq x1s928wv xhkezso x1gmr53x x1cpjm7i x1fgarty x1943h6x xudqn12 x3x7a5m x6prxxf xvq8zen xo1l8bm xzsf02u\" dir=\"auto\">\u00a0<\/span><\/span><\/h4>\n<p>Austernpilz (Pleurotus ostreatus) wird weltweit in gro\u00dfen Mengen kultiviert. In der europ\u00e4ischen K\u00fcche wird er seit Ende des 20. Jahrhunderts benutzt. Der Pilz ist eine hervorragende Quelle von Kalium, Phosphor und Magnesium, enth\u00e4lt gro\u00dfe Mengen Ballaststoffe, und ist auch reich an Vitaminen B und D, sowie Spurenelementen z.B. Zink, Bor und Kupfer. Mit niedrigem Natrium-, Eiwei\u00df-, Kohlenhydrat- und Fellgehalt passt der Pilz in jede Di\u00e4t, und kann auch bei Herz-Kreislaufproblemen empfohlen werden.<\/p>\n<p>Die vorteilhaften Gesundheitswirkungen des Austernpilzes waren in China seit Jahrhunderten bekannt. Bei regelm\u00e4\u00dfigem Verzehr wird die Widerstandsf\u00e4higkeit des Organismus gest\u00e4rkt, der Stoffwechsel verbessert, Cholesterin- und Zuckerspiegel des Bluts geregelt. Der Pilz wirkt positiv auf den Blutdruck, die Blutgef\u00e4\u00dfe, und auf die Muskeln und Gelenke.<\/p>\n<p>Der <strong>deuterium-abgereicherte Austernpilzextrakt Preventa<\/strong> ist das einzige zu 100% nat\u00fcrliche Austernpilz-Erzeugnis, das aus Anbau unter Verwendung von Wasser mit auf 85 ppm reduziertem Deuteriumgehalt stammt. Die organischen Molek\u00fcle im Pilzpulver enthalten Deuterium in niedriger Konzentration, so dass sein Konsum zur Minderung des Deuteriumspiegels im K\u00f6rper beitragen kann.<\/p>\n<p><strong>Verpackungseinheit:<\/strong> 120 Stk.\/Packung<br \/>\n<strong>Nettogewicht:<\/strong> 39,6 g\/120 Stk. Kapseln<\/p>\n<p><strong>Zusammensetzung:<\/strong> 100% nat\u00fcrliches, getrocknetes Austernpilzpulver.<br \/>\n<strong>Totaler Polysacharidgehalt:<\/strong> 6,2 mg \u00b1 0,54 mg pro Kapsel.<br \/>\n<strong>Andere Inhaltsstoffe:<\/strong> 2% Talkum, 1% Magnesium stearat.<\/p>\n<p>Zur Kultivierung von Pleurotus ostreatus wurde deuterium-abgereichertes Wasser (85 ppm D) gebraucht.<\/p>\n<p><strong>Zulassungsnummer:<\/strong> 24917\/2020 OGY\u00c9I<\/p>\n<p><strong>Empfohlene Dosierung:<\/strong> 2x1-2 Kapseln pro Tag, vor den Mahlzeiten, mit viel Wasser, ohne Kauen, 1-3 Monate lang einnehmen.<\/p>\n<p><strong>Vertreiber:<\/strong> HYD GmbH f\u00fcr Krebsforschung und Arzneimittel-Entwicklung, Vill\u00e1nyi \u00fat 97., Budapest, H-1118 Ungarn.<br \/>\n<strong>Hersteller:<\/strong> Esentico GmbH, unter Lizenz von HYD GmbH f\u00fcr Krebsforschung und Arzneimittel-Entwicklung (Vill\u00e1nyi \u00fat 97., Budapest, H-1118 Ungarn,Tel.: +36 1 365 1660).<\/p>\n<p><strong>Aufbewahrung:<\/strong> Die Kapseln sollten an einem trockenen Ort, unter 25 \u00b0C Temperatur aufbewahrt werden.<\/p>\n<p><strong>Warnung!<\/strong> Die Kapseln ersetzen die ausgewogene, vielf\u00e4ltige Ern\u00e4hrung und die gesunde Lebensweise nicht.<\/p>\n<div class=\"callout-info\"><strong>1. Schritt:<\/strong> W\u00e4hlen Sie die zu bestellenden Produkte und schicken Sie diese in den Warenkorb. Dann klicken Sie ZUR BESTELLUNG.<br \/><strong>2. Schritt:<\/strong> Geben Sie die Rechnungs- und Lieferangaben ein, w\u00e4hlen Sie die Zahlungsmethode, und klicken Sie BESTELLUNG ABSCHICKEN.<br \/><strong>3. Schritt:<\/strong> Sie bekommen eine Bestellungsbest\u00e4tigung per Email.<br \/><strong>4. Schritt:<\/strong> Wir w\u00e4hlen das optimale Lieferangebot zu Ihrer Adresse und senden eine Proforma-Rechnung per Email. (Es dauert meistens 1-2 Tage bis wir die Lieferkosten erhalten).<br \/><strong>5. Schritt:<\/strong> Zahlung wird entsprechend Ihrer Wahl erledigt:<br \/><em>Kreditkarte:<\/em> Sie erhalten die Proforma-Rechnung per Email mit dem Kreditkarten-Zahlungslink. Durch Klicken geraten Sie an die Seite SimplePay, wo Sie die Kreditkartenangaben eingeben und die Zahlung erledigen k\u00f6nnen.<br \/><em>\u00dcberweisung:<\/em> Sie erhalten die Proforma-Rechnung per Email mit allen Bankkontoangaben. Bitte die Endsumme \u00fcberweisen.<br \/><strong>6. Schritt:<\/strong> Sobald wir die Zahlung erhalten, erfolgt der Versand auf die Lieferadresse.<\/div>\n","protected":false},"excerpt":{"rendered":"<p>Preventa Austernpilz Kapseln Deuterium-abgereichertes Nahrungserg\u00e4nzungsmittel \u00a0 Austernpilz (Pleurotus ostreatus) wird weltweit in gro\u00dfen Mengen kultiviert. In der europ\u00e4ischen K\u00fcche wird [&hellip;]<\/p>\n","protected":false},"featured_media":380,"template":"","meta":{"_editorskit_title_hidden":false,"_editorskit_reading_time":0,"_editorskit_typography_data":[],"_editorskit_blocks_typography":"","_editorskit_is_block_options_detached":false,"_editorskit_block_options_position":"{}","inline_featured_image":false},"product_cat":[90],"product_tag":[],"acf":[],"_links":{"self":[{"href":"https:\/\/vetera.hu\/de\/wp-json\/wp\/v2\/product\/508"}],"collection":[{"href":"https:\/\/vetera.hu\/de\/wp-json\/wp\/v2\/product"}],"about":[{"href":"https:\/\/vetera.hu\/de\/wp-json\/wp\/v2\/types\/product"}],"wp:featuredmedia":[{"embeddable":true,"href":"https:\/\/vetera.hu\/de\/wp-json\/wp\/v2\/media\/380"}],"wp:attachment":[{"href":"https:\/\/vetera.hu\/de\/wp-json\/wp\/v2\/media?parent=508"}],"wp:term":[{"taxonomy":"product_cat","embeddable":true,"href":"https:\/\/vetera.hu\/de\/wp-json\/wp\/v2\/product_cat?post=508"},{"taxonomy":"product_tag","embeddable":true,"href":"https:\/\/vetera.hu\/de\/wp-json\/wp\/v2\/product_tag?post=508"}],"curies":[{"name":"wp","href":"https:\/\/api.w.org\/{rel}","templated":true}]}}