{"id":587,"date":"2021-11-30T14:35:30","date_gmt":"2021-11-30T13:35:30","guid":{"rendered":"https:\/\/vetera.hu\/?page_id=587"},"modified":"2026-01-30T11:42:22","modified_gmt":"2026-01-30T10:42:22","slug":"kontakt","status":"publish","type":"page","link":"https:\/\/vetera.hu\/de\/kontakt\/","title":{"rendered":"Kontakt"},"content":{"rendered":"\n<h2 class=\"has-normal-font-size\">HYD GmbH f\u00fcr Krebsforschung und Arzneimittel-Entwicklung<\/h2>\n\n\n<div style=\"height:30px\" aria-hidden=\"true\" class=\"wp-block-spacer has-ek-typography\"><\/div>\n\n\n<div class=\"wp-block-columns\">\n<div class=\"wp-block-column\" style=\"flex-basis:33.33%\">\n<p>Zentrum und Fachgesch\u00e4ft:<br>Feh\u00e9rv\u00e1ri \u00fat 79, H-1119 Budapest<br><br>Telefon:<br>+36-1-365-1660, +36-1-381-0765<br><br>\u00d6ffnungszeiten:<br>Montag bis Freitag 09:00-17:00<\/p>\n\n\n\n<p>E-mail:<br>info@preventa.org<\/p>\n<\/div>\n\n\n\n<div class=\"wp-block-column\" style=\"flex-basis:66.66%\">\n<iframe src=\"https:\/\/www.google.com\/maps\/embed?pb=!1m18!1m12!1m3!1d5394.500696394067!2d19.03793315392429!3d47.46555072652936!2m3!1f0!2f0!3f0!3m2!1i1024!2i768!4f13.1!3m3!1m2!1s0x4741dda4b2a04031%3A0xc8eee340cd1cacdf!2zQnVkYXBlc3QsIEZlaMOpcnbDoXJpIMO6dCA3OSwgMTExOQ!5e0!3m2!1shu!2shu!4v1769769596203!5m2!1shu!2shu\" width=\"100%\" height=\"450\" style=\"border:0;\" allowfullscreen=\"\" loading=\"lazy\" referrerpolicy=\"no-referrer-when-downgrade\"><\/iframe>\n<\/div>\n<\/div>\n\n\n\n<hr class=\"wp-block-separator has-text-color has-background is-style-wide\" style=\"background-color:#eeeeee;color:#eeeeee\"\/>\n\n\n<div style=\"height:30px\" aria-hidden=\"true\" class=\"wp-block-spacer has-ek-typography\"><\/div>\n\n\n<h2>Send a Message<\/h2>\n\n\n<p>Schreiben Sie uns<\/p>\n\n<div class=\"wpforms-container wpforms-container-full\" id=\"wpforms-155\"><form id=\"wpforms-form-155\" class=\"wpforms-validate wpforms-form wpforms-ajax-form\" data-formid=\"155\" method=\"post\" enctype=\"multipart\/form-data\" action=\"\/de\/wp-json\/wp\/v2\/pages\/587\" data-token=\"2a64638b68621d4624c3cc9a4f0950fb\" data-token-time=\"1775827325\"><noscript class=\"wpforms-error-noscript\">Bitte aktiviere JavaScript in deinem Browser, um dieses Formular fertigzustellen.<\/noscript><div class=\"wpforms-field-container\"><div id=\"wpforms-155-field_1-container\" class=\"wpforms-field wpforms-field-text\" data-field-id=\"1\"><label class=\"wpforms-field-label\" for=\"wpforms-155-field_1\">Ihr Name: <span class=\"wpforms-required-label\">*<\/span><\/label><input type=\"text\" id=\"wpforms-155-field_1\" class=\"wpforms-field-large wpforms-field-required\" name=\"wpforms[fields][1]\" required><\/div><div id=\"wpforms-155-field_4-container\" class=\"wpforms-field wpforms-field-email\" data-field-id=\"4\"><label class=\"wpforms-field-label\" for=\"wpforms-155-field_4\">E-Mail-Adresse: <span class=\"wpforms-required-label\">*<\/span><\/label><input type=\"email\" id=\"wpforms-155-field_4\" class=\"wpforms-field-large wpforms-field-required\" name=\"wpforms[fields][4]\" spellcheck=\"false\" required><\/div><div id=\"wpforms-155-field_5-container\" class=\"wpforms-field wpforms-field-text\" data-field-id=\"5\"><label class=\"wpforms-field-label\" for=\"wpforms-155-field_5\">Telefonnummer:<\/label><input type=\"text\" id=\"wpforms-155-field_5\" class=\"wpforms-field-large\" name=\"wpforms[fields][5]\" ><\/div><div id=\"wpforms-155-field_6-container\" class=\"wpforms-field wpforms-field-text\" data-field-id=\"6\"><label class=\"wpforms-field-label\" for=\"wpforms-155-field_6\">Betreff:<\/label><input type=\"text\" id=\"wpforms-155-field_6\" class=\"wpforms-field-large\" name=\"wpforms[fields][6]\" ><\/div><div id=\"wpforms-155-field_7-container\" class=\"wpforms-field wpforms-field-textarea\" data-field-id=\"7\"><label class=\"wpforms-field-label\" for=\"wpforms-155-field_7\">Nachricht: <span class=\"wpforms-required-label\">*<\/span><\/label><textarea id=\"wpforms-155-field_7\" class=\"wpforms-field-large wpforms-field-required\" name=\"wpforms[fields][7]\" required><\/textarea><\/div><div id=\"wpforms-155-field_8-container\" class=\"wpforms-field wpforms-field-checkbox wpforms-list-inline\" data-field-id=\"8\"><ul id=\"wpforms-155-field_8\" class=\"wpforms-field-required\"><li class=\"choice-1 depth-1\"><input type=\"checkbox\" id=\"wpforms-155-field_8_1\" name=\"wpforms[fields][8][]\" value=\"Ich akzeptiere die &lt;a href=&quot;https:\/\/vetera.hu\/de\/datenschutzbestimmungen\/&quot; target=&quot;_blank&quot;&gt;Datenschutzerkl\u00e4rung&lt;\/a&gt;.\" required ><label class=\"wpforms-field-label-inline\" for=\"wpforms-155-field_8_1\">Ich akzeptiere die <a href=\"https:\/\/vetera.hu\/de\/datenschutzbestimmungen\/\" target=\"_blank\">Datenschutzerkl\u00e4rung<\/a>.<\/label><\/li><\/ul><\/div><\/div><!-- .wpforms-field-container --><div class=\"wpforms-recaptcha-container wpforms-is-recaptcha wpforms-is-recaptcha-type-invisible\" ><div class=\"g-recaptcha\" data-sitekey=\"6LcJUMIfAAAAAOeg2B1_lHe-eDhCsjUnY1Tl0hKM\" data-size=\"invisible\"><\/div><\/div><div class=\"wpforms-submit-container\" ><input type=\"hidden\" name=\"wpforms[id]\" value=\"155\"><input type=\"hidden\" name=\"page_title\" value=\"\"><input type=\"hidden\" name=\"page_url\" value=\"https:\/\/vetera.hu\/de\/wp-json\/wp\/v2\/pages\/587\"><input type=\"hidden\" name=\"url_referer\" value=\"\"><button type=\"submit\" name=\"wpforms[submit]\" id=\"wpforms-submit-155\" class=\"wpforms-submit\" data-alt-text=\"Senden...\" data-submit-text=\"Nachricht senden\" aria-live=\"assertive\" value=\"wpforms-submit\">Nachricht senden<\/button><img src=\"https:\/\/vetera.hu\/wp-content\/plugins\/wpforms-lite\/assets\/images\/submit-spin.svg\" class=\"wpforms-submit-spinner\" style=\"display: none;\" width=\"26\" height=\"26\" alt=\"Wird geladen\"><\/div><\/form><\/div>  <!-- .wpforms-container -->\n","protected":false},"excerpt":{"rendered":"<p>HYD GmbH f\u00fcr Krebsforschung und Arzneimittel-Entwicklung Zentrum und Fachgesch\u00e4ft:Feh\u00e9rv\u00e1ri \u00fat 79, H-1119 Budapest Telefon:+36-1-365-1660, +36-1-381-0765 \u00d6ffnungszeiten:Montag bis Freitag 09:00-17:00 E-mail:info@preventa.org [&hellip;]<\/p>\n","protected":false},"author":2,"featured_media":0,"parent":0,"menu_order":0,"comment_status":"closed","ping_status":"closed","template":"editorplus-template.php","meta":{"_editorskit_title_hidden":false,"_editorskit_reading_time":1,"_editorskit_typography_data":[],"_editorskit_blocks_typography":"","_editorskit_is_block_options_detached":false,"_editorskit_block_options_position":"{}","inline_featured_image":false},"acf":[],"_links":{"self":[{"href":"https:\/\/vetera.hu\/de\/wp-json\/wp\/v2\/pages\/587"}],"collection":[{"href":"https:\/\/vetera.hu\/de\/wp-json\/wp\/v2\/pages"}],"about":[{"href":"https:\/\/vetera.hu\/de\/wp-json\/wp\/v2\/types\/page"}],"author":[{"embeddable":true,"href":"https:\/\/vetera.hu\/de\/wp-json\/wp\/v2\/users\/2"}],"replies":[{"embeddable":true,"href":"https:\/\/vetera.hu\/de\/wp-json\/wp\/v2\/comments?post=587"}],"version-history":[{"count":1,"href":"https:\/\/vetera.hu\/de\/wp-json\/wp\/v2\/pages\/587\/revisions"}],"predecessor-version":[{"id":3928,"href":"https:\/\/vetera.hu\/de\/wp-json\/wp\/v2\/pages\/587\/revisions\/3928"}],"wp:attachment":[{"href":"https:\/\/vetera.hu\/de\/wp-json\/wp\/v2\/media?parent=587"}],"curies":[{"name":"wp","href":"https:\/\/api.w.org\/{rel}","templated":true}]}}