{"id":568,"date":"2021-11-30T13:37:55","date_gmt":"2021-11-30T12:37:55","guid":{"rendered":"https:\/\/vetera.hu\/?page_id=568"},"modified":"2026-02-02T15:04:07","modified_gmt":"2026-02-02T14:04:07","slug":"meistgestellte-fragen","status":"publish","type":"page","link":"https:\/\/vetera.hu\/de\/meistgestellte-fragen\/","title":{"rendered":"Meistgestellte Fragen"},"content":{"rendered":"\n<h2 class=\"has-medium-font-size\"><strong>Was ist Deuterium?<\/strong><\/h2>\n\n\n\n<p class=\"has-text-align-justify\">Deuterium (D, schwerer Wasserstoff) ist eine nat\u00fcrliche Variante des chemischen Elements Wasserstoff. W\u00e4hrend Wasserstoff ein Proton im Atomkern hat, besteht der Kern des Deuteriums aus einem Proton und einem Neutron. Die bedeutende, zweifache Massendifferenz bringt signifikante Unterschiede im physischen und chemischen Verhalten des Wasserstoffs bzw. Deuteriums mit sich.<\/p>\n\n\n\n<h2 class=\"has-medium-font-size\"><strong>Was ist der Deuteriumgehalt in Lebewesen?<\/strong><\/h2>\n\n\n\n<p class=\"has-text-align-justify\">Der Deuteriumgehalt der Lebewesen wird vor allem durch die Deuteriummenge im Ozeanwasser bzw. im Niederschlag bestimmt. Der Deuteriumgehalt im Niederschlag nimmt vom \u00c4quator zu den Polen, von Meeresufern Richtung Landesinnere, und proportional mit der Seeh\u00f6he ab. In unserer Klimazone ist der Deuteriumgehalt nat\u00fcrlicher W\u00e4sser mit geringer Abweichung 140-150 ppm.<br>Da der menschliche K\u00f6rper zu 60% aus Wasser besteht, und auch organische Verbindungen einen Deuteriumgehalt aufweisen, ist die Deuteriumkonzentration im menschlichen Organismus 12-14 mmol\/l; mehrfach h\u00f6her als der Normalspiegel physiologisch wichtiger Elemente wie Kalzium, Kalium oder Magnesium.<\/p>\n\n\n\n<h2 class=\"has-medium-font-size\"><strong>Wie wird der Deuteriumgehalt bestimmt?<\/strong><\/h2>\n\n\n\n<p class=\"has-text-align-justify\">Vetera-DDW-25 enth\u00e4lt viel weniger Deuterium als nat\u00fcrliches Wasser, lediglich 25 ppm. Deuteriumgehalt wird in ppm-Einheiten (parts per million) angegeben; diese zeigt, wie viel unter 1 Million Wasserstoffatomen Deuterium bzw. unter 1 Million Wassermolek\u00fclen (H2O) Schwerwasser-Molek\u00fcle (D2O) sind. Deuteriumgehalt wird mit Massenspektrometrie oder mit Lasertechniken \u00fcberpr\u00fcft.<\/p>\n\n\n\n<h2 class=\"has-medium-font-size\"><strong>Wie kann der Deuteriumgehalt des Wassers verringert werden?<\/strong><\/h2>\n\n\n\n<p class=\"has-text-align-justify\">Deuterium-abgereichertes Wasser wird in einer energieintensiven Technologie hergestellt, die auf die Unterschiede in den physisch-chemischen Eigenschaften des normalen Wassers (H2O) und des Schwerwassers (D2O) basiert ist. Wegen des Siedepunkt-Unterschieds von lediglich 1,5\u00b0C ist die Konzentration des Schwerwassers (dessen Siedepunkt h\u00f6her ist) in der Dampfphase kleiner, und das wird zur Herstellung des deuteriumarmen Wassers benutzt. Wird die Verdunstung in so genannten Destillierkolonnen mehrfach wiederholt, kann das Deuteriumgehalt des Wassers beliebig verringert werden.<\/p>\n\n\n\n<h2 class=\"has-medium-font-size\"><strong>Ver\u00e4ndert sich die Zusammensetzung von Vetera-DDW-25 ung\u00fcnstig, falls das Tier die ausgeschenkte Menge lange nicht konsumiert?<\/strong><\/h2>\n\n\n\n<p class=\"has-text-align-justify\">Vierundzwanzig Stunden nach dem Abf\u00fcllen kann sich die Zusammensetzung des Pr\u00e4parats ung\u00fcnstig ver\u00e4ndern, daher ist die Anwendung nach Ablauf dieser Zeitspanne nicht mehr empfohlen. Nach dem Gebrauch bitte die Flasche immer gr\u00fcndlich schlie\u00dfen!<\/p>\n\n\n\n<h2 class=\"has-medium-font-size\"><strong>Darf das Tier w\u00e4hrend der Behandlung auch normales Trinkwasser bekommen?<\/strong><\/h2>\n\n\n\n<p class=\"has-text-align-justify\">\u00dcber der in der Dosierungstabelle angegebenen Dosis hinaus darf das Heimtier auch Wasser mit normalem Deuteriumgehalt bekommen.<\/p>\n\n\n\n<h2 class=\"has-medium-font-size\"><strong>Sind Nebenwirkungen zu erwarten?<\/strong><\/h2>\n\n\n\n<p class=\"has-text-align-justify\">Das deuterium-abgereicherte tiermedizinische Antitumor-Pr\u00e4parat Vetera-DDW-25 ist nachweislich frei von sch\u00e4dlichen bzw. toxischen Nebenwirkungen. Seit der Zulassung in 1999, erhielt die zust\u00e4ndige Beh\u00f6rde keine Meldung \u00fcber Nebenwirkungen, ungew\u00fcnschte Ereignisse, oder \u00fcber mangelnde Wirkung. Die Tiere nehmen Vetera-DDW-25 gerne und tolerieren die Behandlung gut. W\u00e4hrend der Anwendung kann Mattigkeit und Schlafs\u00fcchtigkeit auftreten, die aber innerhalb 2-3 Wochen zur\u00fcckgehen bzw. verschwinden. Bei mehrere Tage anhaltender Appetitlosigkeit, falls dabei kein Fieberzustand besteht, sollte die Dosis f\u00fcr 3-4 Tage halbiert werden.<\/p>\n\n\n\n<h2 class=\"has-medium-font-size\"><strong>Was ist die Wirkungsweise von Vetera-DDW-25?<\/strong><\/h2>\n\n\n\n<p class=\"has-text-align-justify\">Die neuesten Forschungen haben gezeigt, dass die Senkung des Deuteriumgehalts ein nat\u00fcrlicher biochemischer Prozess, und daher Teil der normalen Zellenfunktionen ist. In gesunden Zellen l\u00e4uft dieser Prozess richtig, in Krebszellen ist er aber besch\u00e4digt und kann f\u00fcr die f\u00fcr normale Zellen typische Deuteriumabreicherung nicht mehr sorgen. Das Verfahren des Deuteriumentzugs richtet sich auf dieses nat\u00fcrliche System. Durch Senkung des Deuteriumgehalts im Trinkwasser kann man die Deuteriumkonzentration im K\u00f6rper niedrig halten, auch wenn der besagte nat\u00fcrliche zellphysiologische Prozess nicht richtig funktioniert.<\/p>\n\n\n\n<h2 class=\"has-medium-font-size\"><strong>Wo kann man Vetera-DDW-25 kaufen?<\/strong><\/h2>\n\n\n\n<p class=\"has-text-align-justify\">Das deuterium-abgereicherte tiermedizinische Pr\u00e4parat Vetera-DDW-25 kann in unserem Fachgesch\u00e4ft unter Feh\u00e9rv\u00e1ri \u00fat 79., H-1119 Budapest gekauft, in unserem Webshop bestellt, oder durch Vertriebsfirmen f\u00fcr tiermedizinische Pr\u00e4parate erhalten werden.<\/p>\n\n\n\n<h2 class=\"has-medium-font-size\"><strong>In welchen Gebieten sind die Wirkung des Deuteriumentzugs untersucht worden?<\/strong><\/h2>\n\n\n\n<p class=\"has-text-align-justify\">Die Forschungsergebnisse der vergangenen Jahrzehnten bewiesen die besondere Rolle des Deuteriums in der Regelung der Zellteilung und des zellul\u00e4ren Stoffwechsels. Durch Deuteriumentzug kann die Vermehrung der Krebszellen angehalten bzw. die krebszellentypischen Stoffwechselwege beeinflusst werden. Die neuesten wissenschaftlichen Ergebnisse und klinische Erfahrungen haben gezeigt, dass Deuteriumentzug auch in der Behandlung von Stoffwechselkrankheiten, inklusive Zuckerkrankheit, einen viel versprechenden neuen Weg bietet. In einer klinischen Studie hat Deuteriumentzug die Menge von HDL, d. h. des \u201eguten\u201c Cholesterols, um 30% erh\u00f6ht. Unabh\u00e4ngige Forschungen im Ausland haben die g\u00fcnstige Wirkung des deuterium-abgereicherten Wassers auf Blutfettstoffe best\u00e4tigt; und neueren Ergebnissen zufolge kann durch Deuteriumentzug auch die Neigung zur Depression positiv beeinflusst werden. In Tierversuchen hatte deuterium-abgereichertes Wasser einen positiven Effekt auf das Langzeitged\u00e4chtnis. Alterungshemmende Wirkung des Deuteriumentzugs ist ebenfalls ver\u00f6ffentlicht worden. \u00dcber all diesen Gebieten hinaus wurden weitere g\u00fcnstige physiologische Wirkungen des Deuteriumentzugs auch in sportmedizinischen Studien best\u00e4tigt.<\/p>\n","protected":false},"excerpt":{"rendered":"<p>Was ist Deuterium? Deuterium (D, schwerer Wasserstoff) ist eine nat\u00fcrliche Variante des chemischen Elements Wasserstoff. W\u00e4hrend Wasserstoff ein Proton im [&hellip;]<\/p>\n","protected":false},"author":2,"featured_media":0,"parent":0,"menu_order":0,"comment_status":"closed","ping_status":"closed","template":"","meta":{"_editorskit_title_hidden":false,"_editorskit_reading_time":0,"_editorskit_typography_data":[],"_editorskit_blocks_typography":"","_editorskit_is_block_options_detached":false,"_editorskit_block_options_position":"{}","inline_featured_image":false},"acf":[],"_links":{"self":[{"href":"https:\/\/vetera.hu\/de\/wp-json\/wp\/v2\/pages\/568"}],"collection":[{"href":"https:\/\/vetera.hu\/de\/wp-json\/wp\/v2\/pages"}],"about":[{"href":"https:\/\/vetera.hu\/de\/wp-json\/wp\/v2\/types\/page"}],"author":[{"embeddable":true,"href":"https:\/\/vetera.hu\/de\/wp-json\/wp\/v2\/users\/2"}],"replies":[{"embeddable":true,"href":"https:\/\/vetera.hu\/de\/wp-json\/wp\/v2\/comments?post=568"}],"version-history":[{"count":2,"href":"https:\/\/vetera.hu\/de\/wp-json\/wp\/v2\/pages\/568\/revisions"}],"predecessor-version":[{"id":3995,"href":"https:\/\/vetera.hu\/de\/wp-json\/wp\/v2\/pages\/568\/revisions\/3995"}],"wp:attachment":[{"href":"https:\/\/vetera.hu\/de\/wp-json\/wp\/v2\/media?parent=568"}],"curies":[{"name":"wp","href":"https:\/\/api.w.org\/{rel}","templated":true}]}}