{"id":566,"date":"2021-11-30T13:34:31","date_gmt":"2021-11-30T12:34:31","guid":{"rendered":"https:\/\/vetera.hu\/?page_id=566"},"modified":"2026-03-13T14:56:51","modified_gmt":"2026-03-13T13:56:51","slug":"allgemeine-geschaeftsbedingungen","status":"publish","type":"page","link":"https:\/\/vetera.hu\/de\/allgemeine-geschaeftsbedingungen\/","title":{"rendered":"Allgemeine Gesch\u00e4ftsbedingungen"},"content":{"rendered":"\n<p><strong>HYD GmbH\u2019s Allgemeine Gesch\u00e4ftsbedingungen<\/strong><\/p>\n\n\n\n<h2><strong>1.&nbsp;Ziel dieses Dokuments<\/strong><\/h2>\n\n\n\n<p>1.1.&nbsp;&nbsp; &nbsp;Die allgemeinen Gesch\u00e4ftsbedingungen enthalten HYD Krebsforschungs- und Arzneimittelentwicklungs-GmbH\u2019s Verkaufsbestimmungen (im Folgenden auch als \u201eAnbieter\u201d bezeichnet) f\u00fcr die Webseite www.vetera.hu (im Folgenden auch als \u201eWebshop\u201d bezeichnet) und beinhalten den Betrieb des Webshops, das Annehmen und Ausf\u00fchren von Bestellungen sowie die Rechte der Kunden. Regelungen bez\u00fcglich des Umgangs mit pers\u00f6nlichen Kundendaten, k\u00f6nnen den Datenschutzbestimmungen entnommen werden.&nbsp;<br>1.2.&nbsp; &nbsp;Beim Einkauf im Webshop schlie\u00dfen Kunden individuelle Vertr\u00e4ge ab. Diese individuellen Vertr\u00e4ge gelten ausschlie\u00dflich f\u00fcr den Zeitraum der Dienstleistung des vom Kunden (Verbraucher) bestellten Produktes. Dabei werden durch den Anbieter verursachte falsche, versehentliche oder nicht ausgef\u00fchrte Dienstleistungen nicht miteinbezogen, sodass das F\u00e4lligkeitsdatum zur Nutzung der hiermit verbundenen Rechte offen gelassen wird.<br>1.3.&nbsp;&nbsp; &nbsp;Die im Webshop geschlossenen Vertr\u00e4ge \u00fcber die bestellten Artikel werden ohne die physische Anwesenheit der Vertragspartner gechlossen. Die Vertragspartner nutzen den Webshop als Kommunikationsmittel und zertifiziertes Hilfsmittel f\u00fcr die Vertragsunterzeichnung. Folglich ist der Webshop ein Kommunikationsmittel, welches die Kommunikation erm\u00f6glicht durch eine Internetverbindung, die auf dem Computer oder einem&nbsp; elektronischen Ger\u00e4t der Partner betrieben wird.&nbsp;<br>1.4.&nbsp;&nbsp; &nbsp;Die allgemeinen Gesch\u00e4ftsbedingungen sind vom Anbieter festgelegt, um den Vertragsabschluss mit dem Kunden ohne weitere Diskussion zu erm\u00f6glichen. Vertr\u00e4ge, die durch dieses Sytsem abgeschlossen wurden, sind nicht verhandelbar.&nbsp;<br>1.5.&nbsp;&nbsp; &nbsp;Wie bitten Sie, die allgemeinen Gesch\u00e4ftsbedingungen sorgf\u00e4ltig durchzulesen, wenn Sie ein aktiver Kunde des Webshops werden m\u00f6chten. Nutzen Sie unsere Dienstleistungen nur, wenn Sie den allgemeinen Gesch\u00e4ftsbedigungen voll und ganz zustimmen und sie als verbindlich ansehen. Die Nutzer des Webshops stimmen den allgemeinen Gesch\u00e4ftsbedingungen zu und erkennen sie als verbindliche Bedingung an. Jede Nutzungsart des Webshops \u2013 auch jene, die nicht zum Kauf eines Produktes f\u00fchrt \u2013 wird von den allgemeinen Gesch\u00e4ftsbedingungen bestimmt.<br>1.6.&nbsp;&nbsp; &nbsp;Die allgemeinen Gesch\u00e4ftsbedingungen sind offizielle Dokumente auf ungarischer, englischer und deutscher Sprache. Hierraus hervorgehende Rechtsgrundlagen stehen nicht mit&nbsp; dem ethischen Kodex des Dienstleisters in Zusammenhang.<\/p>\n\n\n\n<h2><strong>2.&nbsp;Informationen \u00fcber den Anbieter<\/strong><\/h2>\n\n\n\n<p>Firmenname: HYD R\u00e1kkutat\u00f3 \u00e9s Gy\u00f3gyszerfejleszt\u0151 Korl\u00e1tolt Felel\u0151ss\u00e9g\u0171 T\u00e1rsas\u00e1g<br>Sitz (identisch mit Postanschrift): Feh\u00e9rv\u00e1ri \u00fat 79., Budapest, 1119 Hungary<br>Registrieungsinstanz: F\u0151v\u00e1rosi T\u00f6rv\u00e9nysz\u00e9k C\u00e9gb\u00edr\u00f3s\u00e1ga<br>Registernummer: 01-09-260799<br>Steuernummer: 10805459-2-43<br>Informationssicherheits-ID: NAIH-140619<br>Kundendienst (Tel.): 06-1-381-0765; 06-1-365-1660<br>Kundendienst (E-Mail): <a href=\"mailto:info@hyd.hu\">info@hyd.hu<\/a><br>Sprache des Vertrags:&nbsp;Deutsch<br>Pers\u00f6nliche Abholung:&nbsp;nicht verf\u00fcgbar<br>Bearbeitung der Bestellungen:&nbsp;ausschlie\u00dflich an Werktagen 09:00\u201316:00 h, automatisierte Berarbeitung an allen 7 (sieben) Tagen der Woche 24 Stunden lang (au\u00dfer bei geplanten und ungeplanten Unterbrechungen)<\/p>\n\n\n\n<h2><strong>3.&nbsp;Informationen \u00fcber den Anbieter des Webshops<\/strong><\/h2>\n\n\n\n<p>Firmenname:&nbsp;NetBlaze Group Szoci\u00e1lis Sz\u00f6vetkezet<br>Sitz (identisch mit Postanschrift): Cser-Zilai u. 10., Zalaszentrg\u00f3t, 8790 Hungary<br>Registriergericht:&nbsp;Zalaegerszegi T\u00f6rv\u00e9nysz\u00e9k C\u00e9gb\u00edr\u00f3s\u00e1ga<br>Registernummer: 20-02-050340<br>Steuernummer: 24804413-1-20<br>Kundendienst (Tel.): 06-30-894-6493<br>Kundendienst (E-Mail): info@netblaze.hu<\/p>\n\n\n\n<h2><strong>4. Information \u00fcber das Lieferunternehmen<\/strong><\/h2>\n\n\n\n<p>Firmenname: DPD Hungary Kft.<br>Sitz: 1134 Budapest, V\u00e1ci \u00fat 33., Building A, 2nd.floor, Hungary<br>Registernummer: 01-09-888141<br>Steuernummer: 13034283-2-41<br>Hauptkontakt:<br>Kundendienst (E-Mail): <a href=\"mailto:dpd@dpd.hu\">dpd@dpd.hu<\/a><br>Kundendienst (Tel.): +36 1 501 6200<\/p>\n\n\n\n<p>Firmenname: Magyar Posta V\u00e1llalat<br>Sitz: 1138 Budapest, Dunavir\u00e1g u. 2\u22126., Hungary<br>Postanschrift: Budapest H-1540<br>Registernummer: Cg. 01-10-042463<br>Steuernummer: 10901232-2-44<br>Kundendienst:<br>Web: <a href=\"http:\/\/www.posta.hu\/about-magyar-posta\/www.posta.hu\" target=\"_blank\" rel=\"noreferrer noopener\">www.posta.hu<\/a><br>E-Mail: <a href=\"mailto:posta@posta.hu\">posta@posta.hu<\/a><br>Tel.: (+36 1) 767 8200&nbsp;<br>Fax: (+36 1) 767 8201<\/p>\n\n\n\n<p>Firmenname:&nbsp;Jadran Shipping Kft.<br>Sitz (identisch mit Postanschrift): H-1055 Budapest, Stoll\u00e1r B\u00e9la u. 12\/c<br>Registriergericht:&nbsp;Budapest K\u00f6rny\u00e9ki T\u00f6rv\u00e9nysz\u00e9k C\u00e9gb\u00edr\u00f3s\u00e1ga<br>Registernummer: 01 09 072389&nbsp;&nbsp;<br>Steuernummer:&nbsp;HU10507869<br>Kundendienst (Tel.):&nbsp;+36-1-353-2014, +36-1-353-4168&nbsp;&nbsp;<br>Kundendienst (E-Mail): zita.foldvary@jadranshipping.hu<\/p>\n\n\n\n<h2><strong>5.&nbsp;Betrieb des Webshops<\/strong><\/h2>\n\n\n\n<p>5.1.&nbsp;&nbsp; &nbsp;Der Webshop kann innerhalb und au\u00dferhalb Ungarn\u2019s durch das Internet erreicht werden. Bestellungen aus dem Ausland und Lieferungen ins Ausland m\u00fcssen individuell vereinbart werden.<br>5.2.&nbsp;&nbsp; &nbsp;Kunden des Webshops m\u00fcssen vollj\u00e4hrige, rechtsf\u00e4hige, nat\u00fcrliche Personen nach der Vollendung des 18. Lebensjahrs sein.<\/p>\n\n\n\n<h2><strong>6.&nbsp;Das Produkt<\/strong><\/h2>\n\n\n\n<p>6.1.&nbsp;&nbsp; &nbsp;Im Webshop k\u00f6nnen Kunden Vetera-DDW-25 krebsbek\u00e4mpfende Produkte erwerben, die die Therapie von Haustieren unterst\u00fctzen (Reg. Nr.:&nbsp;084\/1\/2011 MgSzH \u00c1TI genauer auf den Subpages des Webshops ausgef\u00fchrt). Vetera-DDW-25 besteht aus Wasser, dessen Deuterium-Gehalt auf 25 ppm vermindert wurde, um so zur unterst\u00fctzenden Therapie von neoplastischen Erkrankungen bei Haustieren beizutragen.<\/p>\n\n\n\n<p>6.2.&nbsp;&nbsp; &nbsp;Im Webshop zeigt der Anbieter den Namen und eine Abbildung des Produktes und beschreibt dessen Inhalt n\u00e4her. Auf der Webseite gezeigte Abbildungen k\u00f6nnen von den reellen Produkten abweichen und dienen ausschlie\u00dflich zur Veranschaulichung. Wir \u00fcbernehmen keine Verantwortung f\u00fcr das wirkliche Aussehen der Produkte sowie deren gezeigter Abbildungen im Webshop.<br>6.3.&nbsp;&nbsp; &nbsp;Produkte k\u00f6nnen vom Anbieter erworben werden und werden dem Kunden durch ein Lieferunternehmen zugestellt.<\/p>\n\n\n\n<h2><strong>7.&nbsp;Der Kaufvorgang<\/strong><\/h2>\n\n\n\n<p>7.1.&nbsp;&nbsp; &nbsp;Der Anbieter verkauft seine Produkte durch den Webshop. Der Anbieter nimmt auch Bestellungen via E-Mail entgegen, die an <a href=\"mailto:info@hyd.hu\">info@hyd.hu<\/a> gesendet wurden. &nbsp;<br>7.2.&nbsp;&nbsp; Eink\u00e4ufe \u00fcber den Webshop erfordern keine Registrierung. W\u00e4hrend des Kaufvorgangs kann jedoch ein Kundenkonto angelegt werden, in welchem pers\u00f6nliche Daten gespeichert werden k\u00f6nnen. Das Erstellen eines Kundenkontos hilft bei zuk\u00fcnftigen Bestellungen im Webshop, denn das System wird sich automatisch an die pers\u00f6nlichen Kundendaten \u201eerinnern\u201d. So m\u00fcssen diese nich wiederholt eingegeben werden.<br>7.3.&nbsp;&nbsp; &nbsp;Beim Erstellen eines Kundenkontos muss der Nutzer Benutzernamen und Passwort angeben, welche zuk\u00fcnftig f\u00fcr die Authentifizierung des Kunden verwendet werden. Das Passwort muss mindestens 6 Zeichen, Gro\u00df- und Kleinbuchstaben und Zahlenbeinhalten. Wir empfehlen es nicht, leicht wiederherstellbare Passw\u00f6rter oder Passw\u00f6rter mit pers\u00f6nlichen Informationen anzulegen. Im Fall, dass Sie ihr Ihr Passwort vergessen, k\u00f6nnen Sie bei uns \u00fcber Ihre registrierte E-Mail Adresse ein neues, einmalig verwendbares Passwort zur Wiederherstellung Ihres Benutzerkontos anfordern. Danach k\u00f6nnen Sie ein neues Passwort erstellen. Der Anbieter speichert alle Passw\u00f6rter in verschl\u00fcsselter, gesicherter Form, sodass das Originalpasswort des Kunden nicht wiederhergestellt werden kann. Das System sperrt das Benutzerknto nach drei (3) erfolglosen Eingabeversuchen oder nach 90 Tagen ohne Aktivit\u00e4t des Benutzers.&nbsp;<br>7.4.&nbsp;&nbsp; &nbsp;Der Kunde muss dem Anbieter alle Informationen zur Verf\u00fcgung stellen, die zur Ausf\u00fchrung der Bestellung, der Rechnungserstellung und Lieferung des Produktes notwendig sind. Diese Informationen enthalten pers\u00f6nliche Daten wie E-Mail Adresse und Telefonnummer.&nbsp;<br>7.5.&nbsp; &nbsp;&nbsp;W\u00e4hrend des Kaufvorgangs sucht der Kunde die gew\u00fcnschten Produkte aus dem Webshop aus und bestimmt die Anzahl der Packungen der ausgew\u00e4hlten Produkte sowie gegebenenfalls weitere Details. Anschlie\u00dfend klickt der Kunde auf die \u201eZum Warenkorb hinzuf\u00fcgen\u201d Schaltfl\u00e4che. Nach dem Klicken von \u201eZur Bestellung\u201d, wird der Kunde zum Warenkorb geleitet. Hier kann er\/sie die Liste seiner\/ihrer Bestellungen \u00fcberpr\u00fcfen und bekommt die M\u00f6glichkeit Produkte aus dem Warenkorb zu entfernen oder die Anzahl der gew\u00e4hlten Produkte zu erh\u00f6hen.&nbsp;<br>7.6.&nbsp; &nbsp;&nbsp;Falls der Kunde sich umentscheidet und den Inhalt des virtuellen Warenkorbs l\u00f6scht, kann er\/sie jederzeit zur Hauptseite des Webshops zur\u00fcckkehren. Alle bislang angegebenen Details werden dabei gel\u00f6scht.<\/p>\n\n\n\n<h2><strong>8.&nbsp;Abwicklung und Zustellung von Bestellungen<\/strong><\/h2>\n\n\n\n<p>8.1.&nbsp;&nbsp; &nbsp;Die Bearbeitung der Bestellungen geschieht teils manuell, teils automatisch. Die manuelle Abwicklung der Bestellungen findet wochentags zwischen 9:00 und 16:00 Uhr statt, die automatische Bearbeitung der Bestellungen findet au\u00dferhalb der B\u00fcrozeiten 24 Stunden lang jeden Wochentag statt. Sie k\u00f6nnen Ihre Bestellung jederzeit t\u00e4tigen, wir k\u00f6nnen jedoch ungeplante Betriebseinstellungen nicht mitber\u00fccksichtigen.&nbsp;<br>8.2.&nbsp;&nbsp; &nbsp;Nachdem Sie Ihre Bestellung aufgegeben haben, bekommen Sie eine Best\u00e4tigungs-Email an die von Ihnen angegebene E-Mail Adresse. Falls Sie die Best\u00e4tigung innerhalb von 48 Studen nicht erhalten, \u00fcberpr\u00fcfen Sie bitte den Spam-Ordner Ihrer Mailbox oder benachrichtigen Sie unseren Kundendienst. Der Anbieter \u00fcbernimmt keine Verantwortung f\u00fcr nicht best\u00e4tigte Bestellungen, wenn diese aufgrund von falschen Informationen seitens des Kunden angegeben wurden.<br>8.3.&nbsp;&nbsp; &nbsp;Kann der Anbieter aufgrund von Warenknappheit die bestellten Produkte nicht liefern, muss dieser den Kunden dar\u00fcber innerhalb k\u00fcrzester Zeit, jedoch maximal innerhalb von 8 (acht) Werktagen informieren.<br>8.4.&nbsp;&nbsp; &nbsp;Der Anbieter verf\u00fcgt \u00fcber das Recht best\u00e4tigte Bestellungen zur\u00fcckzuweisen, wenn dieser die Bestellung aufgrund der oben genannten Gr\u00fcnde nicht ausf\u00fchren kann. Eine partielle Durchf\u00fchrung der Bestellung kann nur nach ausf\u00fchrlicher Kommunikation mit dem Kunden get\u00e4tigt werden.<\/p>\n\n\n\n<h2><strong>9.&nbsp;Lieferung des Produktes<\/strong><\/h2>\n\n\n\n<p>9.1.&nbsp;&nbsp; &nbsp;Die Produkte werden in jedem Fall geliefert. Beim Einkauf im Webshop gibt es keine M\u00f6glichkeit die Produkte pers\u00f6nlich abzuholen.&nbsp;<br>9.2.&nbsp;&nbsp; &nbsp;Die Zustellung der Produkte wird vom Versandpartner des Webshops abgewickelt gem\u00e4\u00df Absatz 4. dieses Dokuments.<br>9.3.&nbsp;&nbsp;&nbsp;Die Zustellungsadresse kann von der Rechnungsadresse abweichen. Es wird empfohlen eine Zustellungsadresse anzugeben, unter welcher der Kunde w\u00e4hrend der voraussichtlichen Lieferzeit erreichbar ist.&nbsp;<br>9.4.&nbsp;&nbsp; &nbsp;Das Paket beinhaltet die Rechnung des Einkaufs.<br>9.5.&nbsp;&nbsp; Bitte \u00fcberpr\u00fcfen Sie das Paket und das Produkt, w\u00e4hrend der Paketbote noch anwesend ist. Fallen Ihnen Sch\u00e4den auf, bitten wir Sie dies dem Boten zu melden. Ist das Paket besch\u00e4digt, hat der Kunde das Recht es zur\u00fcckzuweisen. Der Anbieter kann f\u00fcr Sch\u00e4den, die dem Paketboten nicht gemeldet wurden, keine Verantwortung \u00fcbernehmen.<\/p>\n\n\n\n<h2><strong>10.&nbsp;Zahlungsbedingungen<\/strong><\/h2>\n\n\n\n<p>10.1.&nbsp;&nbsp; &nbsp;Internet- und Telefonkosten sowie weitere Kommunikationsgeb\u00fchren werden vom Initiator beglichen.&nbsp;<br>10.2.&nbsp;&nbsp; &nbsp;Folgende Kosten m\u00fcssen vom Kunden beglichen werden: (i) der Preis des Produktes\/der Produkte) Liefergeb\u00fchren<strong>*<\/strong>. Der Anbieter fordert von seinen Kunden keine weiteren Geb\u00fchren. Beim Gebrauch von Kreditkarten oder anderen Bargeld-Substituten kommt der Kunde f\u00fcr zus\u00e4tzliche Bank- und Transferkosten auf.&nbsp;<br>10.3.&nbsp;&nbsp; Die Mehrwertsteuer jedes Produktes wird neben dem Produktpreis angegeben. Die endg\u00fcltigen Kosten beinhalten keine Zollgeb\u00fchren, diese m\u00fcssen ebenfalls vom Kunden beglichen werden.<br>10.4.&nbsp;&nbsp; Der endg\u00fcltige Preis des Einkaufs kann der Zusammenfassung der Bestellung entnommen werden. Die Antwort-Email enth\u00e4lt alle Geb\u00fchren.&nbsp;10.5.&nbsp;&nbsp; Die Produktpreise im Webshop sind in EUR\/USD angegeben. Weitere anfallende Kosten und Zustellgeb\u00fchren werden ebenfalls in EUR\/USD berechnet, inklusive Mehrwertsteuer (MwSt.).<\/p>\n\n\n\n<p>10.6.&nbsp;&nbsp; &nbsp;Der Anbieter akzeptiert keine Finanzanlagen und Wertpapiere des Kunden.<br>10.7.&nbsp;&nbsp;&nbsp; Beim Aufgeben einer Bestellung oder Kauf eines Produktes kann kein Darlehen oder Kredit vom Anbieter aufgenommen werden \u2013 auch nicht durch andere Anbieter.&nbsp;<br>10.8.&nbsp;&nbsp; Gem\u00e4\u00df Ungarn\u2019s Finanzgesetze, wird die Rechnung dem Kunden im zugestellten Paket mitgeschickt und enth\u00e4lt alle gesetzlich notwendigen Informationen.&nbsp;<\/p>\n\n\n\n<p>10.9.&nbsp;&nbsp; Zahlungen k\u00f6nnen je nach Anfrage \u00fcber Bank\u00fcberweisungen oder Kreditkarten (Simple Pay) get\u00e4tigt werden. Entscheidet sich der Kunde f\u00fcr eine Bank\u00fcberweisung, muss die zu zahlende Summe im Voraus beglichen werden. In diesem Fall schicken wir dem Kunden eine vorl\u00e4ufige (pro forma) Rechnung, noch bevor das Produkt versendet wird. Die vorl\u00e4ufige Rechnung, kann nicht f\u00fcr Steuerr\u00fcckerstattungen eingesetzt werden. Wird der in Rechnung gestellte Betrag nicht beglichen, wird die Bestellung storniert.&nbsp;<br><br><strong>*<\/strong>Liefergeb\u00fchren k\u00f6nnen sich je nach Gewicht, Wert und Zustellungsadresse (Zustellungsort) des Produktes unterscheiden.<\/p>\n\n\n\n<h2><strong>11.&nbsp;R\u00fccktrittsrecht<\/strong><\/h2>\n\n\n\n<p>11.1.&nbsp;&nbsp; &nbsp;Der Kunde kann nach dem Einkauf im Webshop von seinem R\u00fccktrittsrecht Gebrauch machen, wenn (i) er\/sie sich nach Vertragsabschluss und vor dem Empfang der vorl\u00e4ufigen (pro forma) Rechnung befindet oder (ii)&nbsp; er\/sie innerhalb von 14 (vierzehn) Tagen keine schriftliche Antwort vom Anbieter erh\u00e4lt.&nbsp;<\/p>\n\n\n\n<p>11.2.&nbsp; &nbsp; Der Kunde muss seinen R\u00fccktritt nicht rechtfertigen oder erkl\u00e4ren.&nbsp;<br>11.3.&nbsp;&nbsp; &nbsp;Der R\u00fccktritt kann durch eine E-Mail bekannt gegeben werden und muss innerhalb von 2 (zwei) Werktagen best\u00e4tigt werden.<\/p>\n\n\n\n<h2><strong>12.&nbsp;&nbsp;Garantie<\/strong><\/h2>\n\n\n\n<p>12.1.&nbsp;&nbsp; &nbsp;Garantie<br>12.1.1.&nbsp;&nbsp; Der Anbieter kann f\u00fcr seine Produkte eine Garantie \u00fcbernehmen bzw. eine Garantie kann gem\u00e4\u00df des Gew\u00e4hrleistungsrechts von Kundenprodukten (151\/2003. (IX. 22.) Regierungsbeschluss) gew\u00e4hrt werden.<br>12.1.2.&nbsp;&nbsp; &nbsp;Die vom Gesetz vorgeschriebene Garantie gilt nicht, wenn der Anbieter eine Garantie im Vertrag \u00fcbernimmt.&nbsp;<br>12.2.&nbsp;&nbsp; &nbsp;Teilgarantie<br>12.2.1.&nbsp;&nbsp; &nbsp;Der Kunde kann im Fall von gescheiterten Dienstleistungen seitens des Anbieters sein Gew\u00e4hrleistungsrecht gem\u00e4\u00df zivilrechtlicher Rechtsgrundlage geltend machen.<br>12.2.2.&nbsp;&nbsp; &nbsp;Der Kunde kann nach Wunsch eine Teilgarantie vom Anbieter anfordern oder sich das Produkt nach R\u00fccksprache ersetzen lassen. Wenn der Kunde sich das Produkt nicht ersetzen lassen kann oder will, kann er\/sie eine Teilr\u00fcckerstattung beantragen oder den Vertrag k\u00fcndigen.&nbsp;<br>12.2.3.&nbsp;&nbsp; &nbsp;Das Gew\u00e4hrleistungsrecht kann auf ein anderes Produkt \u00fcbertragen werden, jedoch muss die Preisdifferenz zwischen den beiden Produkten vom Kunden beglichen werden.&nbsp;<br>12.2.4.&nbsp;&nbsp; &nbsp;Der Gew\u00e4hrleistungsanspruch ist vor Fristablauf als g\u00fcltig anzusehen f\u00fcr jeglichen Produktfehler, der das Problem verursacht hat.<br>12.2.5.&nbsp;&nbsp; &nbsp;Wird ein Produktschaden durch die missbr\u00e4uchliche Nutzung seitens des Kunden hervorgerufen (z.B. durch falsche Lagerung), tr\u00e4gt der Kunde hierf\u00fcr die Verantwortung und Konsequenzen, wenn der Anbieter ausreichende Informationen zum Umgang und zur Lagerung des Produktes bereitgestellt hat.&nbsp;<br>12.3.&nbsp;&nbsp; &nbsp;Volle Garantie<br>12.3.1.&nbsp;&nbsp; &nbsp;Das Ptk. (ungarisches zivilrechtliches Gesetzbuch) besagt, dass der Kunde dem Anbieter gegen\u00fcber sein Recht auf Gew\u00e4hrleistung nutzen kann, wenn das Produkt w\u00e4hrend seines Verkaufs nicht den Qualit\u00e4tsanforderungen und angegebenen Qualit\u00e4tsmerkmalen des Herstellers entspricht.&nbsp;<br>12.3.2.&nbsp;&nbsp; &nbsp;Gem\u00e4\u00df der Produktgarantie, kann der Kunde vom Hersteller bzw. Anbieter verlangen, das Produkt zu ersetzen.&nbsp;<br>12.3.3.&nbsp;&nbsp; &nbsp;Im Fall von Sch\u00e4den, werden Verluste durch eine allgemeine Versicherung beglichen.<br>12.3.4.&nbsp; &nbsp;Der Hersteller (Anbieter) ist von der Garantiebindung befreit, wenn folgendes bewiesen werden kann:<br>(a)&nbsp;&nbsp; &nbsp;Das Produkt wurde nicht im Rahmen eines gemeldeten Gewerbes hergestellt oder verkauft.<br>(b)&nbsp;&nbsp; &nbsp;Der Fehler\/Schaden trotzt wissenschaftlicher und technischer \u00dcberpr\u00fcfung nicht auffindbar war.<br>(c)&nbsp;&nbsp; &nbsp;Der Fehler\/Schaden durch gesetzliche Vorschriften hervorgerufen wurde.<br>12.4.&nbsp;&nbsp; Der Garantieanspruch des Kunden muss w\u00e4hrend der Gew\u00e4hrleistungsfrist geltend gemacht werden, jedoch sp\u00e4testens ein Jahr nach dem Herstellungszeitpunkt (Ablaufdatum).<\/p>\n\n\n\n<p>12.5.&nbsp;&nbsp; &nbsp;Volle und Teilgarantie k\u00f6nnen nicht zur selben Zeit geltend gemacht werden.<br>12.6.&nbsp;&nbsp; &nbsp;Der Kunde muss den Anbieter nach der Feststellung eines Fehlers\/Schadens umgehend informieren.<\/p>\n\n\n\n<h2><strong>13. Datenschutz&nbsp;<\/strong><\/h2>\n\n\n\n<p>Angaben privater Daten bei einem Einkauf im Webshop, werden durch die Datenschutzbestimmungen geregelt.<\/p>\n\n\n\n<h2><strong>14.&nbsp;&nbsp;Urheberrechte<\/strong><\/h2>\n\n\n\n<p>14.1.&nbsp;&nbsp; &nbsp;Alle Inhalte des Webshops und dazugeh\u00f6riges Material sind urheberrechtlich gesch\u00fctzt. Der Inhaber dieser Urheberrechte ist der Anbieter.&nbsp;<br>14.2.&nbsp;&nbsp; &nbsp;Der Anbieter besitzt alle Rechte im Zusammenhang mit dem Webshop und verf\u00fcgt \u00fcber seinen vollen Inhalt (inklusive Bilder, Texte und Dokumente). Es ist verboten Inhalte des Webshops ohne Erlaubnis des Anbieters zu downloaden, zu speichern, zu verkaufen oder weiterzuverarbeiten.<br>14.3.&nbsp;&nbsp; &nbsp;Der Anbieter erlaubt seinen Kunden die Inhalte des Webshops auf dem eigenen Computer f\u00fcr private Zwecke zu nutzen, zu downloaden oder zu drucken, aber verbietet es diese an Dritte zu verteilen. Es ist somit erlaubt eine Kopie der Originalinhalte zu handhaben oder zu archivieren.<br>14.4.&nbsp;&nbsp; &nbsp;Der Anbieter hat das Recht seine Webseiten einzustellen, ihre Inhalte zu \u00e4ndern oder ihre Erreichbarkeit einzuschr\u00e4nken. Der Anbieter kann f\u00fcr den kontinuierlichen und fehlerfreien Betrieb der Webseite nicht garantieren. Der Anbieter streitet jegliche Verantwortung f\u00fcr Sch\u00e4den, die durch Fehler der Webseite oder ihre Unerreichbarkeit entstanden sind, ab. Der Anbieter \u00fcbernimmt keine Verantwortung f\u00fcr Inhalte, die Dritte \u00fcber die Webseite des Anbieters erstellt haben.&nbsp;<\/p>\n\n\n\n<h2><strong>15. &nbsp;Anspr\u00fcche und rechtliche Debatten<\/strong><\/h2>\n\n\n\n<p>15.1.&nbsp;&nbsp; &nbsp;Fragen und Beobachtungen bez\u00fcglich unserer Produkte k\u00f6nnen an unsere Kundenservicestellen gerichtet werden.&nbsp;<br>15.2.&nbsp;&nbsp; &nbsp;Bei Beschwerden k\u00f6nnen Sie uns \u00fcber die in diesem Dokument angegebene Adresse erreichen. Wir nehmen uns jeder Beschwerde an und k\u00fcmmern uns umgehend um eine L\u00f6sung. Falls Sie mit unserer Antwort oder Handlung nicht \u00fcbereinstimmen oder eine Pr\u00fcfung der Beschwerde nicht umgehend m\u00f6glich ist, nehmen wir Ihre Beschwerde in einem Bericht (mit zwei Kopien) auf und informieren Sie sobald wie m\u00f6glich \u00fcber das Resultat. Ihre Beschwerde wird gem\u00e4\u00df Gesetz innerhalb von 30 (drei\u00dfig) Tagen beantwortet.<\/p>\n\n\n\n<h2><strong>16.&nbsp; Umfang und Wirkung<\/strong><\/h2>\n\n\n\n<p>16.1.&nbsp;&nbsp; &nbsp;Die derzeitigen Gesch\u00e4ftsbedingungen sind am 1. Juni 2015 in Kraft getreten und gelten bis zu ihrer \u00c4nderung oder ihrem Widerruf.<br>16.2.&nbsp;&nbsp; &nbsp;Der Anbieter hat das Recht die allgemeinen Gesch\u00e4ftsbedingungen zu \u00e4ndern. Erfolgen solche \u00c4nderungen, wird dies \u00fcber die Webseite bekannt gegeben, bevor die neuen Gesch\u00e4ftsbedingungen in Kraft treten k\u00f6nnen.<\/p>\n\n\n\n<h2><strong>17. &nbsp;Geltendes Recht<\/strong><\/h2>\n\n\n\n<p>17.1.&nbsp;&nbsp; &nbsp;Folgende Gesetze stehen mit den allgemeinen Gesch\u00e4ftsbedingungen und ihrer G\u00fcltigkeit und Ausf\u00fchrung in Verbindung:<br>17.1.1.&nbsp;&nbsp; &nbsp;Das zivilrechtliche Gesetz, Jahr 2013, &nbsp;Gesetz V (\u201ePtk.\u201d)<br>17.1.2.&nbsp;&nbsp; &nbsp;Das Gesetz \u00fcber virtuelle (elektronische), kommerzielle Dienstleistungen und mit der Informationsgesellschaft zusammenh\u00e4ngende Dienstleistungen, Jahr 2001, Gesetz CVIII. (\u201eEkertv.\u201d)<br>17.1.3.&nbsp;&nbsp; &nbsp;Das Gesetz \u00fcber Handel, Jahr 2005, Gesetz CLXIV (a \u201eKertv.\u201d)<br>17.1.4.&nbsp;&nbsp; &nbsp;Das Gesetz \u00fcber finanzielle und Werbeaktivit\u00e4ten, Jahr 2008, Gesetz XLVIII ( \u201eGrt.\u201d)<br>17.1.5.&nbsp;&nbsp; &nbsp;Das Gesetz \u00fcber Informationssicherheit, Jahr 2011, Gesetz CXII (\u201eInfotv.\u201d)<br>17.1.6.&nbsp;&nbsp; &nbsp;Das Gesetz \u00fcber die Gew\u00e4hrleistung verschiedener Produkte, Regierungserlass 151\/2003. (IX. 22.)<br>17.1.7.&nbsp;&nbsp; &nbsp;Das Gesetz \u00fcber Handelsdienstleistungen, Regierungserlass 210\/2009 (IX. 29.)<br>17.1.8.&nbsp;&nbsp; &nbsp;Das Gesetz \u00fcber Vertragsbeziehungen zwischen Kunde und Anbieter, Regierungserlass 45\/2014 (II. 26.)<br>17.1.9.&nbsp;&nbsp; Das Gesetz \u00fcber Handel und Vertr\u00e4ge zwischen Kunde und Anbieter, NGM Erlass 19\/2014 (IV. 29.).<\/p>\n\n\n\n<h2><strong>18.&nbsp;Weitere (gemischte) Bestimmungen<\/strong><\/h2>\n\n\n\n<p>18.1.\u00a0\u00a0 \u00a0Dieses Dokument legt die Beziehung zwischen Kunde und Anbieter fest. Ist der Kunde keine nat\u00fcrliche Person, sind die gegenw\u00e4rtigen Gesch\u00e4ftsbedingungen nicht anwendbar.\u00a0<br>18.2.\u00a0\u00a0 \u00a0Der Anbieter hat das Recht Dritte anzustellen, um seinen Verpflichtungen nachzukommen.<br>18.3.\u00a0\u00a0 \u00a0Werden einige Teile der allgemeinen Gesch\u00e4ftsbedingungen au\u00dfer Kraft gesetzt, gelten die restlichen Bedingungen nichtsdestotrotz.<br>18.4.\u00a0\u00a0 \u00a0\u00dcbt der Anbieter die Rechte der allgemeinen Gesch\u00e4ftsbedingungen nicht aus, bedeutet dies nicht, dass er von diesem Recht zur\u00fccktritt. Tritt der Anbieter von seinen Rechten zur\u00fcck, muss dies in einer schriftlichen Erkl\u00e4rung festgehalten werden. Macht der Anbieter von den Rechten in diesem Dokument keinen Gebrauch, bedeutet dies nicht, dass er auch beim n\u00e4chsten Mal darauf verzichtet.\u00a0<br><br><br><strong>R\u00fccktrittsformular<\/strong><br><br>HYD Krebsforschungs- und Medikamentenentwicklungs-GmbH<br>Feh\u00e9rv\u00e1ri \u00fat 79.<br>Budapest<\/p>\n\n\n\n<p>H-1119 Ungarn<br><br>Ich, der Unterzeichnete, erkl\u00e4re hiermit, dass ich\/wir von meinem\/unserem R\u00fccktrittsrecht f\u00fcr die Produkte folgender Bestellung Gebrauch mache:<br><br>Zeitpunkt des Vertragsabschlusses \/ Zeitpunkt der Lieferung:<br>Name des Produkts:<br>Anzahl der Produkte:<br>Name\/n des\/der Kunden:<br>Adresse des\/der Kunden:<br>Unterschrift des\/der Kunden:\u00a0<br><br>[Stadt], [Jahr, Monat, Tag]<br><br>\u2026\u2026\u2026\u2026\u2026\u2026\u2026\u2026\u2026\u2026\u2026<br>[Name]<br>Unterschrift<br>(nur in Papierform n\u00f6tig)<\/p>\n","protected":false},"excerpt":{"rendered":"<p>HYD GmbH\u2019s Allgemeine Gesch\u00e4ftsbedingungen 1.&nbsp;Ziel dieses Dokuments 1.1.&nbsp;&nbsp; &nbsp;Die allgemeinen Gesch\u00e4ftsbedingungen enthalten HYD Krebsforschungs- und Arzneimittelentwicklungs-GmbH\u2019s Verkaufsbestimmungen (im Folgenden auch [&hellip;]<\/p>\n","protected":false},"author":2,"featured_media":0,"parent":0,"menu_order":0,"comment_status":"closed","ping_status":"closed","template":"","meta":{"_editorskit_title_hidden":false,"_editorskit_reading_time":9,"_editorskit_typography_data":[],"_editorskit_blocks_typography":"","_editorskit_is_block_options_detached":false,"_editorskit_block_options_position":"{}","inline_featured_image":false},"acf":[],"_links":{"self":[{"href":"https:\/\/vetera.hu\/de\/wp-json\/wp\/v2\/pages\/566"}],"collection":[{"href":"https:\/\/vetera.hu\/de\/wp-json\/wp\/v2\/pages"}],"about":[{"href":"https:\/\/vetera.hu\/de\/wp-json\/wp\/v2\/types\/page"}],"author":[{"embeddable":true,"href":"https:\/\/vetera.hu\/de\/wp-json\/wp\/v2\/users\/2"}],"replies":[{"embeddable":true,"href":"https:\/\/vetera.hu\/de\/wp-json\/wp\/v2\/comments?post=566"}],"version-history":[{"count":1,"href":"https:\/\/vetera.hu\/de\/wp-json\/wp\/v2\/pages\/566\/revisions"}],"predecessor-version":[{"id":4031,"href":"https:\/\/vetera.hu\/de\/wp-json\/wp\/v2\/pages\/566\/revisions\/4031"}],"wp:attachment":[{"href":"https:\/\/vetera.hu\/de\/wp-json\/wp\/v2\/media?parent=566"}],"curies":[{"name":"wp","href":"https:\/\/api.w.org\/{rel}","templated":true}]}}