{"id":553,"date":"2021-11-30T11:29:16","date_gmt":"2021-11-30T10:29:16","guid":{"rendered":"https:\/\/vetera.hu\/?page_id=553"},"modified":"2022-01-06T16:13:16","modified_gmt":"2022-01-06T15:13:16","slug":"ueber-die-entwicklungsfirma","status":"publish","type":"page","link":"https:\/\/vetera.hu\/de\/uber-vetera-ddw-25\/ueber-die-entwicklungsfirma\/","title":{"rendered":"\u00dcber die Entwicklungsfirma"},"content":{"rendered":"\n<p>HYD GmbH f\u00fcr Krebsforschung und Arzneimittel-Entwicklung wurde 1993 zwecks Forschung, Entwicklung und weltweite Vermarktung von auf das patentierte Deuteriumentzugsverfahren basierten Pharma- und Konsumartikeln gegr\u00fcndet, welche vor allem der Vorbeugung und Behandlung verschiedener Krebskrankheiten dienen.<\/p>\n\n\n\n<p>Der Biologe Dr. G\u00e1bor Somlyai hat als Erster mit der Forschung der physiologischen Rolle des nat\u00fcrlich vorkommenden Deuteriums (D, schwerer Wasserstoff) begonnen, Anfang der 90er Jahre im Landesinstitut f\u00fcr Onkologie. Die ersten Ergebnisse \u00fcber die Antitumor-Wirkung des Deuteriumentzugs hat er 1993 ver\u00f6ffentlicht (FEBS Lett. 317, 1-4). Die Forschungsergebnisse von HYD GmbH wurden im Laufe der Jahre in zahlreichen wissenschaftlichen Konferenzen und Fachzeitschriften pr\u00e4sentiert, und wurden im letzten Jahrzehnt von ausl\u00e4ndischen Wissenschaftlern best\u00e4tigt und erweitert.<\/p>\n\n\n\n<p>Das erste deuterium-abgereicherte Lebensmittelerzeugnis hat HYD GmbH 1995 herausgebracht. Das tiermedizinische Antitumor-Pr\u00e4parat Vetera-DDW-25, das weltweit erste Medikament mit deuterium-abgereichertem Wasser als Wirkstoff, wurde 1999 zugelassen.<\/p>\n\n\n\n<p>In den letzten Jahren ist das patentierte Deuterium-Entzugsverfahren von HYD GmbH in internationalen Fachkreisen immer mehr bekannt und anerkannt geworden. In mehreren L\u00e4ndern wurde mit der Forschung der physiologischen Rolle des Deuteriums angefangen; f\u00fchrende Universit\u00e4ten, Forschungsinstitute und Krebszentren haben sich der Arbeit angeschlossen.<\/p>\n\n\n\n<p>Im Wettbewerb der Buchpr\u00fcfergesellschaft Deloitte &amp; Touche f\u00fcr die am schnellsten entwickelnden Firmen hat HYD GmbH 2002 in Mittel\/Osteuropa den 9. Platz erreicht, in der Region Europa-Nahe Osten-Afrika wurde sie 40.<\/p>\n\n\n\n<p>Die Patente der HYD GmbH erhielten Preise auf den Ausstellungen Genius \u201996 bzw. Genius I. Inventors\u2019 Olympic Games 1999.<\/p>\n\n\n\n<p>Primus Capital Zrt., ein Risikokapital-Gesellschaft, stieg 2012 mit 400 Millionen HUF in die Forschung ein, in diesem Jahr wurde auch HYD Pharma AG gegr\u00fcndet. Mit der Investition von Primus Capital, und Unterst\u00fctzung der EU, hat HYD Pharma AG mit der Tochterfirma HYD GmbH f\u00fcr Krebsforschung und Arzneimittel-Entwicklung 2014 eine einzigartige pharmaindustrielle Investition durchgef\u00fchrt. Dadurch konnte, weltweit erstmalig in Ungarn, die Herstellung des deuterium-abgereicherten Wassers in Industriemengen und in Arzneiqualit\u00e4t, gem\u00e4\u00df GMP (Good Manufacturing Practice) Vorschriften, beginnen. Deuterium-abgereichertes Wasser als Wirkstoff wurde auch im System der Europ\u00e4ischen Medikamentenagentur (EMA) registriert.<\/p>\n","protected":false},"excerpt":{"rendered":"<p>HYD GmbH f\u00fcr Krebsforschung und Arzneimittel-Entwicklung wurde 1993 zwecks Forschung, Entwicklung und weltweite Vermarktung von auf das patentierte Deuteriumentzugsverfahren basierten [&hellip;]<\/p>\n","protected":false},"author":2,"featured_media":0,"parent":521,"menu_order":0,"comment_status":"closed","ping_status":"closed","template":"","meta":{"_editorskit_title_hidden":false,"_editorskit_reading_time":2,"_editorskit_typography_data":[],"_editorskit_blocks_typography":"","_editorskit_is_block_options_detached":false,"_editorskit_block_options_position":"{}","inline_featured_image":false},"acf":[],"_links":{"self":[{"href":"https:\/\/vetera.hu\/de\/wp-json\/wp\/v2\/pages\/553"}],"collection":[{"href":"https:\/\/vetera.hu\/de\/wp-json\/wp\/v2\/pages"}],"about":[{"href":"https:\/\/vetera.hu\/de\/wp-json\/wp\/v2\/types\/page"}],"author":[{"embeddable":true,"href":"https:\/\/vetera.hu\/de\/wp-json\/wp\/v2\/users\/2"}],"replies":[{"embeddable":true,"href":"https:\/\/vetera.hu\/de\/wp-json\/wp\/v2\/comments?post=553"}],"version-history":[{"count":1,"href":"https:\/\/vetera.hu\/de\/wp-json\/wp\/v2\/pages\/553\/revisions"}],"predecessor-version":[{"id":1541,"href":"https:\/\/vetera.hu\/de\/wp-json\/wp\/v2\/pages\/553\/revisions\/1541"}],"up":[{"embeddable":true,"href":"https:\/\/vetera.hu\/de\/wp-json\/wp\/v2\/pages\/521"}],"wp:attachment":[{"href":"https:\/\/vetera.hu\/de\/wp-json\/wp\/v2\/media?parent=553"}],"curies":[{"name":"wp","href":"https:\/\/api.w.org\/{rel}","templated":true}]}}