{"id":521,"date":"2021-11-30T09:34:05","date_gmt":"2021-11-30T08:34:05","guid":{"rendered":"https:\/\/vetera.hu\/?page_id=521"},"modified":"2023-09-11T16:21:22","modified_gmt":"2023-09-11T14:21:22","slug":"uber-vetera-ddw-25","status":"publish","type":"page","link":"https:\/\/vetera.hu\/de\/uber-vetera-ddw-25\/","title":{"rendered":"\u00dcber Vetera-DDW-25"},"content":{"rendered":"\n<p>Das tiermedizinische Antitumor-Pr\u00e4parat Vetera-DDW-25 ist weltweit das erste Arzneimittel mit vermindertem Deuteriumgehalt, bestimmt zur erg\u00e4nzenden Behandlung von tumorkranken Heimtieren.<\/p>\n\n\n\n<p>Vetera-DDW-25 wurde 1999 durch die Abteilung f\u00fcr Tiergesundheit des Ministeriums f\u00fcr Landwirtschaft und Regionalentwicklung als verschreibungspflichtiges Tiermedikament registriert (Reg. Nr.: 13\/99 FVM). Die Zulassung des Pr\u00e4parats wurde 2011 durch die Abteilung f\u00fcr Tiermedizinische Produkte des Landwirtschaftlichen Zentralamts erneuert (Reg. Nr.: 084\/1\/2011 MgSzH \u00c1TI), seitdem ist Vetera-DDW-25 rezeptfrei erh\u00e4ltlich. Die Direktion f\u00fcr Veterin\u00e4rprodukte des Nationalamtes f\u00fcr Sicherheit der Nahrungsmittelkette hat die neue 1-Liter Verpackung von Vetera-DDW-25 unter der Nummer 084\/2\/NM\/2023 N\u00c9BIH \u00c1TI registriert.<\/p>\n\n\n\n<p>Das Produkt mit deuterium-abgereichertem Wasser als Wirkstoff ist in der Tiermedizin ein Durchbruch, da seine Wirksamkeit gleich mit der der konventionellen Therapien ist, jedoch ohne sch\u00e4dliche Nebenwirkungen.<\/p>\n\n\n\n<p>Erfahrungen aus mehreren Jahrzehnten der Anwendung von Vetera-DDW-25 beweisen eindeutig, dass das auf Deuteriumentzug basierte Verfahren eine wirksamere und auch mildere M\u00f6glichkeit zur Behandlung der Tumorkrankheiten, als alle bisherigen Tumortherapien bietet. Langzeit-Tierversuche und praktische Anwendung haben gleicherma\u00dfen bewiesen, dass die kurartige Anwendung des Pr\u00e4parats (1,5-2 Monate j\u00e4hrlich) die Chance der Tumorentstehung minimieren, und die Gefahr des Rezidivs bei von Tumor schon befreiten Heimtieren wesentlich verringern kann. Bei Zuchtlinien mit genetisch vererbter Neigung zur Tumorentstehung (z. B. Zitzenkrebs) ist es ratsam, das Mittel beim Nachkommen pr\u00e4ventive zu verwenden.<\/p>\n","protected":false},"excerpt":{"rendered":"<p>Das tiermedizinische Antitumor-Pr\u00e4parat Vetera-DDW-25 ist weltweit das erste Arzneimittel mit vermindertem Deuteriumgehalt, bestimmt zur erg\u00e4nzenden Behandlung von tumorkranken Heimtieren. Vetera-DDW-25 [&hellip;]<\/p>\n","protected":false},"author":2,"featured_media":0,"parent":0,"menu_order":0,"comment_status":"closed","ping_status":"closed","template":"","meta":{"_editorskit_title_hidden":false,"_editorskit_reading_time":1,"_editorskit_typography_data":[],"_editorskit_blocks_typography":"","_editorskit_is_block_options_detached":false,"_editorskit_block_options_position":"{}","inline_featured_image":false},"acf":[],"_links":{"self":[{"href":"https:\/\/vetera.hu\/de\/wp-json\/wp\/v2\/pages\/521"}],"collection":[{"href":"https:\/\/vetera.hu\/de\/wp-json\/wp\/v2\/pages"}],"about":[{"href":"https:\/\/vetera.hu\/de\/wp-json\/wp\/v2\/types\/page"}],"author":[{"embeddable":true,"href":"https:\/\/vetera.hu\/de\/wp-json\/wp\/v2\/users\/2"}],"replies":[{"embeddable":true,"href":"https:\/\/vetera.hu\/de\/wp-json\/wp\/v2\/comments?post=521"}],"version-history":[{"count":1,"href":"https:\/\/vetera.hu\/de\/wp-json\/wp\/v2\/pages\/521\/revisions"}],"predecessor-version":[{"id":2860,"href":"https:\/\/vetera.hu\/de\/wp-json\/wp\/v2\/pages\/521\/revisions\/2860"}],"wp:attachment":[{"href":"https:\/\/vetera.hu\/de\/wp-json\/wp\/v2\/media?parent=521"}],"curies":[{"name":"wp","href":"https:\/\/api.w.org\/{rel}","templated":true}]}}