{"id":3189,"date":"2024-02-27T13:46:09","date_gmt":"2024-02-27T12:46:09","guid":{"rendered":"https:\/\/vetera.hu\/?page_id=3189"},"modified":"2024-02-27T13:47:33","modified_gmt":"2024-02-27T12:47:33","slug":"cookie-informationen","status":"publish","type":"page","link":"https:\/\/vetera.hu\/de\/cookie-informationen\/","title":{"rendered":"Cookie-Informationen"},"content":{"rendered":"\n<h2>1. Betreiberinformationen<\/h2>\n\n\n\n<p>Betreiber der Website ist HYD Cancer Research and Drug Development Ltd.<br>Hauptsitz: 1118 Budapest, Vill\u00e1nyi \u00fat 97.<br>E-Mail: info@hyd.hu<\/p>\n\n\n\n<h2>2. Was ist ein Cookie?<\/h2>\n\n\n\n<p>Ein Cookie ist ein kleines Datenpaket, das von Internetdiensten im Browser gespeichert wird. Es handelt sich um eine wesentliche Technologie f\u00fcr die Bereitstellung einer effizienten und modernen Benutzererfahrung im Internet, die heute von allen Browsern unterst\u00fctzt wird.<\/p>\n\n\n\n<h2>3. Wof\u00fcr werden Cookies verwendet?<\/h2>\n\n\n\n<p>Zahlreiche Internetdienste basieren auf Cookies. Benutzer k\u00f6nnen Cookies von ihrem Computer l\u00f6schen oder ihren Browser so konfigurieren, dass die Verwendung von Cookies blockiert wird. Durch das Blockieren von Cookies erkennen Benutzer an, dass die Website ohne sie nicht vollst\u00e4ndig funktionieren kann.<\/p>\n\n\n\n<h2>4. Welche Informationen erfassen wir im Zusammenhang mit der Nutzung der Website?<\/h2>\n\n\n\n<p>Sofern ein Nutzer auf der Website keine personenbezogenen Daten oder Informationen \u00fcber sich bereitstellt, erhebt oder verarbeitet der Betreiber keine personenbezogenen Daten, mit denen sich der Nutzer pers\u00f6nlich identifizieren l\u00e4sst.<\/p>\n\n\n\n<p>Durch den Besuch der Website und das Klicken auf die Schaltfl\u00e4che \u201eAkzeptieren\u201c stimmen alle Benutzer der Verwendung von von externen Dienstleistern verwalteten Cookies durch den Betreiber im Zusammenhang mit der Website zur Aufzeichnung der in dieser Richtlinie genannten Daten und Informationen zu.<\/p>\n\n\n\n<p>Zu diesen Daten geh\u00f6ren Informationen \u00fcber den Computer des Nutzers, die bei der Nutzung der Website generiert und aufgrund technischer Vorg\u00e4nge automatisch durch Cookies erfasst werden. Das System protokolliert diese Daten automatisch beim Besuch oder Verlassen der Website, ohne dass eine gesonderte Erkl\u00e4rung oder Handlung des Nutzers erforderlich ist.<\/p>\n\n\n\n<p>Eine Zusammenf\u00fchrung dieser Daten mit anderen personenbezogenen Daten des Nutzers wird nicht vorgenommen, sodass eine R\u00fcckschl\u00fcsse auf den Nutzer nicht m\u00f6glich sind. Nur die externen Dienstleister, die Cookies verwalten, und der Betreiber haben Zugriff auf diese Daten.<\/p>\n\n\n\n<p>Der Betreiber verwendet auf der Website ausschlie\u00dflich von externen Dienstleistern verwaltete Cookies (z. B. Google). Cookies sind kurze Textdateien, die von der Website an die Festplatte des Benutzers gesendet werden und Informationen \u00fcber den Benutzer enthalten.<\/p>\n\n\n\n<p>Der Betreiber nutzt im Zusammenhang mit der Website die Dienste von Google Analytics. Google Analytics-Cookies helfen bei der Messung des Website-Verkehrs und anderer Webanalysedaten. Die durch Cookies gesammelten Informationen werden an externe Server von Google \u00fcbertragen und dort gespeichert. Google verwendet diese Informationen in erster Linie, um den Website-Verkehr zu verfolgen und Aktivit\u00e4ten auf der Website f\u00fcr den Betreiber zu analysieren. Auch wird Google diese Informationen gegebenenfalls an Dritte \u00fcbertragen, sofern dies gesetzlich vorgeschrieben oder soweit Dritte diese Daten im Auftrag von Google verarbeiten. Detaillierte Informationen zur Datenverarbeitung bei Google Analytics finden Sie unter (http:\/\/www.google.com\/analytics).<\/p>\n\n\n\n<p>Die Werbeanzeigen des Betreibers werden auf Internetseiten externer Anbieter (Google, Facebook) angezeigt. Diese externen Anbieter (Google, Facebook) speichern mithilfe von Cookies, dass der Nutzer die Website des Betreibers bereits einmal besucht hat, und k\u00f6nnen dem Nutzer auf dieser Grundlage personalisierte Werbung anzeigen (z. B. Remarketing-Aktivit\u00e4ten durchf\u00fchren).<\/p>\n\n\n\n<p>Die Verwendung von Cookies durch Google kann in den Anzeigeneinstellungen deaktiviert werden (weitere Informationen: http:\/\/www.google.hu\/policies\/privacy\/ads\/). Benutzer k\u00f6nnen die Cookies externer Anbieter auch auf der Deaktivierungsseite der Network Advertising Initiative (http:\/\/www.networkadvertising.org\/choices\/) deaktivieren.<\/p>\n\n\n\n<p>Die Datenverwaltung der genannten externen Anbieter unterliegt deren jeweiligen Datenschutzrichtlinien und der Betreiber \u00fcbernimmt keine Verantwortung f\u00fcr diese Datenverwaltung.<\/p>\n\n\n\n<h2>5. Wie nutzen wir diese Informationen?<\/h2>\n\n\n\n<p>Die mit den oben genannten Technologien erhobenen Daten werden grunds\u00e4tzlich nicht zur Identifizierung des Nutzers genutzt und der Betreiber wird diese Daten nur dann mit anderen Daten verkn\u00fcpfen, die der Identifizierung dienen, wenn der Nutzer ausdr\u00fccklich damit einverstanden ist, dass der Betreiber in Bezug auf ihn identifizierbare Cookies verwendet . Folgende Cookies werden verwendet:<\/p>\n\n\n\n<figure class=\"wp-block-table is-style-stripes\"><table><tbody><tr><td><strong>Name und Typ des Cookies<\/strong><\/td><td><strong>Die verwendeten personenbezogenen Daten oder Informationen<\/strong><\/td><td><strong>Der Zweck der Datenverwaltung<\/strong><\/td><td><strong>Dauer der Datenverwaltung<\/strong><\/td><\/tr><tr><td>wp-wpml_current_language<\/td><td>keine<\/td><td>Zur Erinnerung an die gew\u00e4hlte\/eingestellte Sprache der Website.<\/td><td>Bis die Website geschlossen wird<\/td><\/tr><tr><td>woocommerce_cart_hash<\/td><td>keine<\/td><td>Um sich die dem Besucher zugewiesene Warenkorb-ID zu merken.<\/td><td>Bis die Website geschlossen wird<\/td><\/tr><tr><td>woocommerce_items_in_cart<\/td><td>keine<\/td><td>Zur Erinnerung an die Produkte und deren Details, die im Webshop-Warenkorb abgelegt wurden.<\/td><td>Bis die Website geschlossen wird<\/td><\/tr><tr><td>PHPSESSID<\/td><td>keine<\/td><td>Das Sitzungscookie des Besuchers, dessen Hauptzweck darin besteht, die Grundfunktionen der Website sicherzustellen.<\/td><td>Bis die Website geschlossen wird<\/td><\/tr><\/tbody><\/table><\/figure>\n\n\n\n<p>Der Hauptzweck der Verwendung dieser Daten besteht darin, dem Betreiber den ordnungsgem\u00e4\u00dfen Betrieb der Website zu erm\u00f6glichen. Dazu geh\u00f6rt insbesondere die Nachverfolgung der Website-Besuchsdaten und das Herausfiltern m\u00f6glicher Missbrauchsf\u00e4lle im Zusammenhang mit der Nutzung der Website.<\/p>\n\n\n\n<p>Dar\u00fcber hinaus kann der Betreiber diese Informationen nutzen, um Nutzungstrends zu analysieren, die Funktionalit\u00e4t der Website zu verbessern und weiterzuentwickeln und umfassende Verkehrsdaten \u00fcber die Gesamtnutzung der Website zu erhalten.<\/p>\n\n\n\n<p>Der Betreiber kann die so gewonnenen Informationen nutzen, um Statistiken im Zusammenhang mit der Nutzung der Website zu erstellen und auszuwerten und diese nicht identifizierbaren statistischen Daten (z. B. Anzahl der Besucher, meistgesehene Themen oder Inhalte) f\u00fcr die \u00f6ffentliche Kommunikation zu nutzen die Website verbessern.<\/p>\n\n\n\n<h2>6. Option zum Deaktivieren von Cookies:<\/h2>\n\n\n\n<p>Wenn der Nutzer nicht m\u00f6chte, dass die oben genannten Informationen im Zusammenhang mit der Nutzung der Website erfasst werden, kann er die Verwendung von Cookies in den Einstellungen seines Internetbrowsers teilweise oder vollst\u00e4ndig deaktivieren oder die Cookie-Benachrichtigungseinstellungen anderweitig \u00e4ndern.<\/p>\n\n\n\n<p>Informationen zu den Cookie-Einstellungen der g\u00e4ngigsten Browser finden Sie unter den folgenden Links<\/p>\n\n\n\n<p>\u2022 Google Chrome: https:\/\/support.google.com\/accounts\/answer\/61416?hl=en<\/p>\n\n\n\n<p>\u2022 Firefox: https:\/\/support.mozilla.org\/hu\/kb\/sutik-engedelizeze-es-tiltasa-amit-weboldak-haszn<\/p>\n\n\n\n<p>\u2022 Microsoft Internet Explorer 11: http:\/\/windows.microsoft.com\/hu-hu\/internet-explorer\/delete-manage-cookies#ie=ie-11<\/p>\n\n\n\n<p>\u2022 Microsoft Internet Explorer 10: http:\/\/windows.microsoft.com\/hu-hu\/internet-explorer\/delete-manage-cookies#ie=ie-10-win-7<\/p>\n\n\n\n<p>\u2022 Microsoft Internet Explorer 9: http:\/\/windows.microsoft.com\/hu-hu\/internet-explorer\/delete-manage-cookies#ie=ie-9<\/p>\n\n\n\n<p>\u2022 Microsoft Internet Explorer 8: http:\/\/windows.microsoft.com\/hu-hu\/internet-explorer\/delete-manage-cookies#ie=ie-8<\/p>\n\n\n\n<p>\u2022 Microsoft Edge: http:\/\/windows.microsoft.com\/hu-hu\/windows-10\/edge-privacy-faq<\/p>\n\n\n\n<p>\u2022 Safari: https:\/\/support.apple.com\/hu-hu\/HT201265<\/p>\n\n\n\n<h2>7. Von Dritten platzierte Cookies:<\/h2>\n\n\n\n<p>Die Website kann Informationen, insbesondere Werbung, enthalten, die von Dritten, Werbeanbietern, stammen, die nicht mit der Website verbunden sind. Es kann vorkommen, dass diese Dritten auch Cookies oder Web-Beacons auf dem Computer des Benutzers platzieren oder \u00e4hnliche Technologien zur Datenerfassung nutzen, um dem Benutzer eine Werbebotschaft im Zusammenhang mit ihren eigenen Diensten zu senden. In solchen F\u00e4llen unterliegt die Datenverwaltung den von diesen Dritten festgelegten Datenschutzbestimmungen und der Betreiber \u00fcbernimmt keine Verantwortung f\u00fcr diese Datenverwaltung.<\/p>\n","protected":false},"excerpt":{"rendered":"<p>1. Betreiberinformationen Betreiber der Website ist HYD Cancer Research and Drug Development Ltd.Hauptsitz: 1118 Budapest, Vill\u00e1nyi \u00fat 97.E-Mail: info@hyd.hu 2. [&hellip;]<\/p>\n","protected":false},"author":2,"featured_media":0,"parent":0,"menu_order":0,"comment_status":"closed","ping_status":"closed","template":"","meta":{"_editorskit_title_hidden":false,"_editorskit_reading_time":3,"_editorskit_typography_data":[],"_editorskit_blocks_typography":"","_editorskit_is_block_options_detached":false,"_editorskit_block_options_position":"{}","inline_featured_image":false},"acf":[],"_links":{"self":[{"href":"https:\/\/vetera.hu\/de\/wp-json\/wp\/v2\/pages\/3189"}],"collection":[{"href":"https:\/\/vetera.hu\/de\/wp-json\/wp\/v2\/pages"}],"about":[{"href":"https:\/\/vetera.hu\/de\/wp-json\/wp\/v2\/types\/page"}],"author":[{"embeddable":true,"href":"https:\/\/vetera.hu\/de\/wp-json\/wp\/v2\/users\/2"}],"replies":[{"embeddable":true,"href":"https:\/\/vetera.hu\/de\/wp-json\/wp\/v2\/comments?post=3189"}],"version-history":[{"count":1,"href":"https:\/\/vetera.hu\/de\/wp-json\/wp\/v2\/pages\/3189\/revisions"}],"predecessor-version":[{"id":3190,"href":"https:\/\/vetera.hu\/de\/wp-json\/wp\/v2\/pages\/3189\/revisions\/3190"}],"wp:attachment":[{"href":"https:\/\/vetera.hu\/de\/wp-json\/wp\/v2\/media?parent=3189"}],"curies":[{"name":"wp","href":"https:\/\/api.w.org\/{rel}","templated":true}]}}