{"id":1545,"date":"2022-01-06T16:16:11","date_gmt":"2022-01-06T15:16:11","guid":{"rendered":"https:\/\/vetera.hu\/?page_id=1545"},"modified":"2022-01-06T16:16:19","modified_gmt":"2022-01-06T15:16:19","slug":"anwendung","status":"publish","type":"page","link":"https:\/\/vetera.hu\/de\/anwendung\/","title":{"rendered":"Anwendung"},"content":{"rendered":"\n<h2>Verabreichung<\/h2>\n\n\n\n<p>Vetera-DDW-25 wird oral als Trinkwasser verabreicht, die Tagesdosis sollte wom\u00f6glich in 2 Teilen dem Tier gegeben werden. Einmal in die Tr\u00e4nke gef\u00fcllt, sollte das Pr\u00e4parat in kurzer Zeit konsumiert werden, da l\u00e4ngerer Kontakt (mehrere Tage) mit der Luft seine Zusammensetzung ung\u00fcnstig beeinflussen kann. S\u00e4uft das Tier die abgef\u00fcllte Menge innerhalb einem Tag nicht, sollte das Wasser weiter nicht verwendet werden. Nach dem Gebrauch bitte die Flasche immer gr\u00fcndlich schlie\u00dfen!<\/p>\n\n\n\n<p>Nach Erreichen der Symptomfreiheit ist es ratsam, vom Tumortyp abh\u00e4ngig j\u00e4hrlich oder halbj\u00e4hrlich eine 1-2monatige Wiederholungskur zu machen.<\/p>\n\n\n\n<h2>Gebrauchsanweisung<\/h2>\n\n\n\n<p>Vetera-DDW-25 deuterium-abgereichertes Wasser.<br>Ziermedizinisches Heilpr\u00e4parat.<br>Vorgeschlagen als adjuvante Behandlung bei tumorkranken Heimtieren gem\u00e4\u00df Gebrauchsanweisung.<\/p>\n\n\n\n<p>Zusammensetzung: Wasser mit 25\u00b15 ppm Deuteriumgehalt<br>Hersteller: Primavet Produkt GmbH, in Lizenz von HYD GmbH f\u00fcr Krebsforschung und Arzneimittel-Entwicklung.<br>Zulassungsinhaber\/Vertrieb: HYD GmbH f\u00fcr Krebsforschung und Arzneimittel-Entwicklung, Vill\u00e1nyi \u00fat 97, H-1118 Budapest<\/p>\n\n\n\n<p>Zieltierarten: Hunde, Katzen<br>Indikation: Zur adjuvanten Behandlung bei tumorkranken Heimtieren<br>Verabreichung: Als Trinkwasser zu verwenden.<\/p>\n\n\n\n<p>Die Dosis der adjuvanten Behandlung wird gem\u00e4\u00df der nachstehenden Tabelle bestimmt:<\/p>\n\n\n\n<table class=\"table-formatted\">\n\t<tbody>\n\t\t<tr>\n\t\t\t<td style=\"width:173px;\">K\u00f6rpergewicht<\/td>\n\t\t\t<td style=\"width:205px;\">Tagesdosis<\/td>\n\t\t<\/tr>\n\t\t<tr>\n\t\t\t<td style=\"width:173px;\">1 \u2013 5 kg<\/td>\n\t\t\t<td style=\"width:205px;\">40 cm<sup>3<\/sup> (0,4 dl)<\/td>\n\t\t<\/tr>\n\t\t<tr>\n\t\t\t<td style=\"width:173px;\">6 \u2013 10 kg<\/td>\n\t\t\t<td style=\"width:205px;\">60 cm<sup>3<\/sup> (0,6 dl)<\/td>\n\t\t<\/tr>\n\t\t<tr>\n\t\t\t<td style=\"width:173px;\">11 \u2013 15 kg<\/td>\n\t\t\t<td style=\"width:205px;\">100 cm<sup>3<\/sup> (1,0 dl)<\/td>\n\t\t<\/tr>\n\t\t<tr>\n\t\t\t<td style=\"width:173px;\">16 \u2013 20 kg<\/td>\n\t\t\t<td style=\"width:205px;\">200 cm<sup>3<\/sup> (2,0 dl)<\/td>\n\t\t<\/tr>\n\t\t<tr>\n\t\t\t<td style=\"width:173px;\">21 \u2013 30 kg<\/td>\n\t\t\t<td style=\"width:205px;\">250 cm<sup>3<\/sup> (2,5 dl)<\/td>\n\t\t<\/tr>\n\t\t<tr>\n\t\t\t<td style=\"width:173px;\">31 \u2013 40 kg<\/td>\n\t\t\t<td style=\"width:205px;\">300 cm<sup>3<\/sup> (3,0 dl)<\/td>\n\t\t<\/tr>\n\t\t<tr>\n\t\t\t<td style=\"width:173px;\">41 \u2013 50 kg<\/td>\n\t\t\t<td style=\"width:205px;\">350 cm<sup>3<\/sup> (3,5 dl)<\/td>\n\t\t<\/tr>\n\t\t<tr>\n\t\t\t<td style=\"width:173px;\">51 kg und mehr<\/td>\n\t\t\t<td style=\"width:205px;\">500 cm<sup>3<\/sup> (5,0 dl)<\/td>\n\t\t<\/tr>\n\t<\/tbody>\n<\/table>\n\n\n\n<p><\/p>\n\n\n\n<p>Kontraindikationen: Bei tr\u00e4chtigen Tieren sollte das Pr\u00e4parat nicht verwendet werden.<br>Nebenwirkungen: W\u00e4hrend der Anwendung kann Mattigkeit und Schlafs\u00fcchtigkeit auftreten, die aber innerhalb 2-3 Wochen zur\u00fcckgehen bzw. verschwinden.<br>Warnung: Von Kindern fernhalten!<br>Haltbarkeit: In unge\u00f6ffneter Verpackung bzw. bei vorschriftsm\u00e4\u00dfiger Lagerung, 1 Jahr von der Herstellung.<br>Chargennummer und Verfallsdatum: Siehe an der Flasche. Nach dem Verfallsdatum nicht mehr verwenden!<br>Lagerung: Frost- und lichtgesch\u00fctzt bei maximal 25\u00b0C.<br>Verpackung: 1,5 l Poly\u00e4thylenflaschen<\/p>\n\n\n\n<p>Nur zur Anwendung in der Tiermedizin und Tierpflege!<\/p>\n\n\n\n<p>Entsorgung unverbrauchter Reste und Abf\u00e4lle: keine besonderen Vorschriften.<\/p>\n","protected":false},"excerpt":{"rendered":"<p>Verabreichung Vetera-DDW-25 wird oral als Trinkwasser verabreicht, die Tagesdosis sollte wom\u00f6glich in 2 Teilen dem Tier gegeben werden. Einmal in [&hellip;]<\/p>\n","protected":false},"author":2,"featured_media":0,"parent":0,"menu_order":0,"comment_status":"closed","ping_status":"closed","template":"","meta":{"_editorskit_title_hidden":false,"_editorskit_reading_time":0,"_editorskit_typography_data":[],"_editorskit_blocks_typography":"","_editorskit_is_block_options_detached":false,"_editorskit_block_options_position":"{}","inline_featured_image":false},"acf":[],"_links":{"self":[{"href":"https:\/\/vetera.hu\/de\/wp-json\/wp\/v2\/pages\/1545"}],"collection":[{"href":"https:\/\/vetera.hu\/de\/wp-json\/wp\/v2\/pages"}],"about":[{"href":"https:\/\/vetera.hu\/de\/wp-json\/wp\/v2\/types\/page"}],"author":[{"embeddable":true,"href":"https:\/\/vetera.hu\/de\/wp-json\/wp\/v2\/users\/2"}],"replies":[{"embeddable":true,"href":"https:\/\/vetera.hu\/de\/wp-json\/wp\/v2\/comments?post=1545"}],"version-history":[{"count":2,"href":"https:\/\/vetera.hu\/de\/wp-json\/wp\/v2\/pages\/1545\/revisions"}],"predecessor-version":[{"id":4032,"href":"https:\/\/vetera.hu\/de\/wp-json\/wp\/v2\/pages\/1545\/revisions\/4032"}],"wp:attachment":[{"href":"https:\/\/vetera.hu\/de\/wp-json\/wp\/v2\/media?parent=1545"}],"curies":[{"name":"wp","href":"https:\/\/api.w.org\/{rel}","templated":true}]}}