{"id":1542,"date":"2022-01-06T16:14:12","date_gmt":"2022-01-06T15:14:12","guid":{"rendered":"https:\/\/vetera.hu\/?page_id=1542"},"modified":"2023-09-13T15:42:40","modified_gmt":"2023-09-13T13:42:40","slug":"die-geschichte-von-vetera-ddw-25","status":"publish","type":"page","link":"https:\/\/vetera.hu\/de\/uber-vetera-ddw-25\/die-geschichte-von-vetera-ddw-25\/","title":{"rendered":"Die Geschichte von Vetera-DDW-25\u00ae"},"content":{"rendered":"\n<p>Das tiermedizinische Antitumor-Pr\u00e4parat Vetera-DDW-25 ist weltweit das erste Arzneimittel mit deuterium-abgereichertem Wasser als Wirkstoff, und ist zur erg\u00e4nzenden Behandlung von tumorkranken Heimtieren bestimmt.<\/p>\n\n\n\n<p>Die wichtigsten Meilensteine in der Geschichte von Vetera-DDW-25:<\/p>\n\n\n\n<p>1994<\/p>\n\n\n\n<p>Die Dokumentation des deuterium-abgereicherten Wirkstoffs wurde zum Institut f\u00fcr Tiermedizinische Impfstoff-, Arzneimittel- und Futterkontrolle eingereicht.<\/p>\n\n\n\n<p>1996<\/p>\n\n\n\n<p>Die Abteilung f\u00fcr Tiergesundheit und Lebensmittelkontrolle des Ministeriums f\u00fcr Landwirtschaft und Regionalentwicklung hat im Beschluss Nr. 18.543\/1996 die Erprobung des deuterium-abgereicherten Wassers auf den tumorkranken Hunde- und Katzenpatienten der Tierklinik der Alpha-Vet GmbH in Sz\u00e9kesfeh\u00e9rv\u00e1r zugelassen.<\/p>\n\n\n\n<p>1999<\/p>\n\n\n\n<p>Im Mai 1999 hat HYD GmbH f\u00fcr Krebsforschung und Arzneimittel-Entwicklung die Registrierungsdokumente von Vetera-DDW-25 A.U.V. zur zust\u00e4ndigen Beh\u00f6rde eingereicht. Das Institut f\u00fcr Tiermedizinische Impfstoff-, Arzneimittel- und Futterkontrolle hat in seinem Gutachten die Registrierung des Pr\u00e4parats und die Erteilung der Vertriebsgenehmigung vorgeschlagen.<\/p>\n\n\n\n<p>Die Abteilung f\u00fcr Tiergesundheit des Ministeriums f\u00fcr Landwirtschaft und Regionalentwicklung hat, im Einvernehmen mit dem Gesundheitsministerium, Vetera-DDW-25 als verschreibungspflichtiges krebshemmendes Tiermedikament unter Nr. 13\/99 registriert.<\/p>\n\n\n\n<p>Unter Lizenz von HYD GmbH begann die Herstellung von Vetera-DDW-25 im Pr\u00e4paratwerk der Reanal Feinchemikalien AG, und der Vertrieb des Produkts durch die gr\u00f6\u00dften Tiermedikamenten-Gro\u00dfhandlungen und Tierapotheken lief an.<\/p>\n\n\n\n<p>2002<\/p>\n\n\n\n<p>HYD GmbH f\u00fcr Krebsforschung und Arzneimittel-Entwicklung hat ein Gesuch auf Erprobung neuer Arzneiformen von Vetera-DDW-25 A.U.V. eingereicht.<\/p>\n\n\n\n<p>Die Abteilung f\u00fcr Tiergesundheit des Ministeriums f\u00fcr Landwirtschaft und Regionalentwicklung hat die Erprobung die Injektions- und Infusionsform von Vetera-DDW-25 A.U.V. genehmigt.<\/p>\n\n\n\n<p>2008<\/p>\n\n\n\n<p>Das tiermedizinische Pr\u00e4parat Vetera-DDW-25 A.U.V. wird, unter Lizenz von HYD GmbH, bei Pharmamagist Pharmaindustrie-, Handels- und Dienstleistungs-GmbH hergestellt.<\/p>\n\n\n\n<p>2011<\/p>\n\n\n\n<p>Die Abteilung f\u00fcr Tiermedizinische Produkte des Landwirtschaftlichen Zentralamts hat Vetera-DDW-25 als tiermedizinisches Parapharmazeutikum eingestuft unter Nr. 084\/1\/2011 MgSzH \u00c1TI registriert.<\/p>\n\n\n\n<p>Das Produkt, zur erg\u00e4nzenden Behandlung krebskranker Heimtiere bestimmt, ist rezeptfrei erh\u00e4ltlich.<\/p>\n\n\n\n<p>2015<\/p>\n\n\n\n<p>Das Direktorat f\u00fcr Tiermedizinische Produkte des Nationalamts f\u00fcr Lebensmittelkettensicherheit hat die Vertriebsgenehmigung f\u00fcr Vetera-DDW-25 erneuert und unbefristet verl\u00e4ngert. Der Vertrieb des Pr\u00e4parats ist damit frei.<\/p>\n\n\n\n<p>HYD Pharma AG mit der Tochterfirma HYD GmbH f\u00fcr Krebsforschung und Arzneimittel-Entwicklung hat, aus eigenen Mitteln und mit Unterst\u00fctzung der EU, eine pharmaindustrielle Investition durchgef\u00fchrt. Dadurch konnte, weltweit erstmalig in Ungarn, die Herstellung des deuterium-abgereicherten Wassers in Industriemengen und in Arzneiqualit\u00e4t, gem\u00e4\u00df GMP (Good Manufacturing Practice) Vorschriften, beginnen.<\/p>\n\n\n\n<p>Deuterium-abgereichertes Wasser als Wirkstoff wurde auch im System der Europ\u00e4ischen Medikamentenagentur (EMA) registriert.<\/p>\n\n\n\n<p>2017<\/p>\n\n\n\n<p>Das tiermedizinische Pr\u00e4parat Vetera-DDW-25 A.U.V. wird, unter Lizenz von HYD GmbH, bei United Pharma GmbH hergestellt.<\/p>\n\n\n\n<p>2019<\/p>\n\n\n\n<p>Der Hersteller von Vetera DDW-25 ist unter Lizenz von HYD GmbH die Nachfolge der United Pharma GmbH, die Primavet Produkt GmbH.<\/p>\n\n\n\n<p>2023<\/p>\n\n\n\n<p>Die Direktion f\u00fcr Veterin\u00e4rprodukte des Nationalamtes f\u00fcr Sicherheit der Nahrungsmittelkette hat die neue 1-Liter Verpackung von Vetera-DDW-25 unter der Nummer 084\/2\/NM\/2023 N\u00c9BIH \u00c1TI registriert.<\/p>\n","protected":false},"excerpt":{"rendered":"<p>Das tiermedizinische Antitumor-Pr\u00e4parat Vetera-DDW-25 ist weltweit das erste Arzneimittel mit deuterium-abgereichertem Wasser als Wirkstoff, und ist zur erg\u00e4nzenden Behandlung von [&hellip;]<\/p>\n","protected":false},"author":2,"featured_media":0,"parent":521,"menu_order":0,"comment_status":"closed","ping_status":"closed","template":"","meta":{"_editorskit_title_hidden":false,"_editorskit_reading_time":2,"_editorskit_typography_data":[],"_editorskit_blocks_typography":"","_editorskit_is_block_options_detached":false,"_editorskit_block_options_position":"{}","inline_featured_image":false},"acf":[],"_links":{"self":[{"href":"https:\/\/vetera.hu\/de\/wp-json\/wp\/v2\/pages\/1542"}],"collection":[{"href":"https:\/\/vetera.hu\/de\/wp-json\/wp\/v2\/pages"}],"about":[{"href":"https:\/\/vetera.hu\/de\/wp-json\/wp\/v2\/types\/page"}],"author":[{"embeddable":true,"href":"https:\/\/vetera.hu\/de\/wp-json\/wp\/v2\/users\/2"}],"replies":[{"embeddable":true,"href":"https:\/\/vetera.hu\/de\/wp-json\/wp\/v2\/comments?post=1542"}],"version-history":[{"count":1,"href":"https:\/\/vetera.hu\/de\/wp-json\/wp\/v2\/pages\/1542\/revisions"}],"predecessor-version":[{"id":2884,"href":"https:\/\/vetera.hu\/de\/wp-json\/wp\/v2\/pages\/1542\/revisions\/2884"}],"up":[{"embeddable":true,"href":"https:\/\/vetera.hu\/de\/wp-json\/wp\/v2\/pages\/521"}],"wp:attachment":[{"href":"https:\/\/vetera.hu\/de\/wp-json\/wp\/v2\/media?parent=1542"}],"curies":[{"name":"wp","href":"https:\/\/api.w.org\/{rel}","templated":true}]}}