{"id":1539,"date":"2022-01-06T16:12:25","date_gmt":"2022-01-06T15:12:25","guid":{"rendered":"https:\/\/vetera.hu\/?page_id=1539"},"modified":"2022-01-06T16:12:33","modified_gmt":"2022-01-06T15:12:33","slug":"referenzen","status":"publish","type":"page","link":"https:\/\/vetera.hu\/de\/uber-vetera-ddw-25\/referenzen\/","title":{"rendered":"Referenzen"},"content":{"rendered":"\n<p>Szab\u00f3 M., S\u00e1pi Z., Berk\u00e9nyi T., Somlyai G. (2003) A deut\u00e9rium-megvon\u00e1s hat\u00e1sa \u00e1llati tumorokra \u00e9s azok pathol\u00f3gi\u00e1s k\u00e9p\u00e9re [The Effect of Deuterium Depletion on Animal Tumors and their Pathological Pattern]. Az \u00e1llatorvos III (7-8):22-23, 26-27. (Teil 1 wird hier, Teil 2 hier herunterladen).<\/p>\n\n\n\n<p>Berk\u00e9nyi T., Szab\u00f3 M., J\u00e1kli Gy., Jancs\u00f3 G., Somlyai G. (2000) A deut\u00e9rium depl\u00e9ci\u00f3 elv\u00e9nek alkalmaz\u00e1sa a daganatter\u00e1pi\u00e1ban [The application of Dd-water in veterinary practice]. Kis\u00e1llatPraxis 2000\/4, 1, 4:24-28.<\/p>\n\n\n\n<p>Berk\u00e9nyi Tam\u00e1s, Somlyai G\u00e1bor, J\u00e1kli Gy\u00f6rgy, Jancs\u00f3 G\u00e1bor (1996) Cs\u00f6kkentett deut\u00e9rium-tartalm\u00fa (Dd-v\u00edz) alkalmaz\u00e1sa az \u00e1llatgy\u00f3gy\u00e1szatban. Kis\u00e1llatorvosl\u00e1s, 1996\/3, 114-115.<\/p>\n","protected":false},"excerpt":{"rendered":"<p>Szab\u00f3 M., S\u00e1pi Z., Berk\u00e9nyi T., Somlyai G. (2003) A deut\u00e9rium-megvon\u00e1s hat\u00e1sa \u00e1llati tumorokra \u00e9s azok pathol\u00f3gi\u00e1s k\u00e9p\u00e9re [The Effect [&hellip;]<\/p>\n","protected":false},"author":2,"featured_media":0,"parent":521,"menu_order":0,"comment_status":"closed","ping_status":"closed","template":"","meta":{"_editorskit_title_hidden":false,"_editorskit_reading_time":0,"_editorskit_typography_data":[],"_editorskit_blocks_typography":"","_editorskit_is_block_options_detached":false,"_editorskit_block_options_position":"{}","inline_featured_image":false},"acf":[],"_links":{"self":[{"href":"https:\/\/vetera.hu\/de\/wp-json\/wp\/v2\/pages\/1539"}],"collection":[{"href":"https:\/\/vetera.hu\/de\/wp-json\/wp\/v2\/pages"}],"about":[{"href":"https:\/\/vetera.hu\/de\/wp-json\/wp\/v2\/types\/page"}],"author":[{"embeddable":true,"href":"https:\/\/vetera.hu\/de\/wp-json\/wp\/v2\/users\/2"}],"replies":[{"embeddable":true,"href":"https:\/\/vetera.hu\/de\/wp-json\/wp\/v2\/comments?post=1539"}],"version-history":[{"count":1,"href":"https:\/\/vetera.hu\/de\/wp-json\/wp\/v2\/pages\/1539\/revisions"}],"predecessor-version":[{"id":1540,"href":"https:\/\/vetera.hu\/de\/wp-json\/wp\/v2\/pages\/1539\/revisions\/1540"}],"up":[{"embeddable":true,"href":"https:\/\/vetera.hu\/de\/wp-json\/wp\/v2\/pages\/521"}],"wp:attachment":[{"href":"https:\/\/vetera.hu\/de\/wp-json\/wp\/v2\/media?parent=1539"}],"curies":[{"name":"wp","href":"https:\/\/api.w.org\/{rel}","templated":true}]}}